{"id":32386,"date":"2022-11-11T21:47:23","date_gmt":"2022-11-11T20:47:23","guid":{"rendered":"https:\/\/webstage.bau-master.com\/hp\/features\/construction-task-management\/"},"modified":"2026-01-08T21:40:32","modified_gmt":"2026-01-08T20:40:32","slug":"construction-task-management","status":"publish","type":"page","link":"https:\/\/bau-master.com\/gb\/features\/construction-task-management\/","title":{"rendered":"Tasks"},"content":{"rendered":"","protected":false},"excerpt":{"rendered":"","protected":false},"author":3,"featured_media":31321,"parent":32234,"menu_order":0,"comment_status":"closed","ping_status":"closed","template":"","meta":{"_acf_changed":false,"_seopress_robots_primary_cat":"","_seopress_titles_title":"Construction Task Management [Software & App]","_seopress_titles_desc":"Manage your to-dos easily with construction task management software: \u2713 seamless coordination \u2713 perfect overview \u2713 smooth teamwork \u25ba Try it now!","_seopress_robots_index":"","_kad_blocks_custom_css":"","_kad_blocks_head_custom_js":"","_kad_blocks_body_custom_js":"","_kad_blocks_footer_custom_js":"","footnotes":""},"hf_cat_page":[345],"class_list":["post-32386","page","type-page","status-publish","has-post-thumbnail","hentry"],"acf":{"g_schema_seo":"","s1pn_neu_header_produkte":{"s1pn_neu_header_title_h1_n":"Construction Task Management: Manage Tasks Effortlessly","s1pn_neu_header_text_top":"Small issues quickly turn into big problems when tasks get lost in the hectic daily construction routine. <span class=\"notion-enable-hover\" data-token-index=\"1\" data-reactroot=\"\"><strong>Get your job management organised now<\/strong><\/span>:","s1pn_neu_header_text_unten":"With BauMaster as your intelligent construction task management tool, <strong>you\u2019ll always have <\/strong><span class=\"notion-enable-hover\" data-token-index=\"1\" data-reactroot=\"\"><strong>all to-dos in view<\/strong><\/span><strong>!<\/strong>","s1pn_neu_header_app_image":""},"s2pn_1_2_3_section":{"s2pn_section_2_einblenden":"ja","s2pn_section_3_einblenden":"nein","s2pn_123_heading_h2_n":"How BauMaster Enhances Your Construction Task Management","s2pn_123_heading_subtext":"BauMaster is a mobile tool for task planning and task management - <strong>quickly, easily and in one central location<\/strong>. The heart of our<a href=\"https:\/\/bau-master.com\/gb\/\"> construction management software<\/a> is the dashboard: it guarantees a perfect overview of all projects and tasks.","s2pn_1_heading_h3":"Planning Construction Task Management","s2pn_1_text_content":"<strong>Creating and planning to-dos<\/strong> as well as allocating tasks is a breeze:\r\n<ul>\r\n \t<li>Create new jobs while <strong>using the tool on site <\/strong>(who, what, when, where)<\/li>\r\n \t<li><strong>E-mail tasks directly from the app<\/strong> to the responsible tradesmen or assign them to a protocol later in the office<\/li>\r\n \t<li>Display all tasks at once in the BauMaster dashboard.<\/li>\r\n \t<li><strong>Filter tasks<\/strong> by company, trade, status, person responsible, etc.<\/li>\r\n<\/ul>","s2pn_1_bild":31342,"s2pn_1_info_text":"Your <strong>project partners do not need to register <\/strong>to receive information!","s2pn_2_heading_h3_Kopie":"Tool for Construction Task Management","s2pn_2_text_content_Kopie":"Once the tasks have been assigned using the software, you can monitor their completion in the <strong>clearly organised dashboard<\/strong>:\r\n<ul>\r\n \t<li>Customise your dashboard flexibly and decide for yourself which details you want to see.<\/li>\r\n \t<li><strong>View all open tasks<\/strong> for your projects at a glance (across all projects!)<\/li>\r\n \t<li>Share your tasks either individually as work instructions for tradespeople or with proper <a href=\"https:\/\/bau-master.com\/gb\/features\/construction-daily-log-software\/\">construction daily logs <\/a>- <strong>in either case, they are documented in an evidence-proof manner.<\/strong><\/li>\r\n<\/ul>","s2pn_2_bild_Kopie":31343,"s2pn_2_info_text_Kopie":"The <strong>traffic light system<\/strong> shows open and completed to-dos at a glance!","s2pn_3_heading_h3":"1. Schnell erfassen","s2pn_3_text_content":"Dank vorgegebener Eingabefelder entstehen im Handumdrehen vollst\u00e4ndige Berichte schon auf der Baustelle. Wiederkehrende T\u00e4tigkeiten und Vorkommnisse k\u00f6nnen einfach kopiert werden:\r\n<ul>\r\n \t<li>Vorgefertigte Textbl\u00f6cke verwenden<\/li>\r\n \t<li>Bauleistungen mit Fotos und Planmarkern versehen<\/li>\r\n \t<li>Schnellerfassung mittels Spracheingabe oder Diktierfunktion<\/li>\r\n \t<li>Baufortschritt bzw. terminliche Abweichungen dokumentieren<\/li>\r\n<\/ul>","s2pn_3_bild":"","s2pn_3_info_text":""},"s3pn_cta_group":{"s3pn_cta_bild":"","s3pn_cta_titel_h2_n":"Get Started with Construction Cost Tracking in 3 Simple Steps","s3pn_cta_3_punkt":"Ab sofort digitales Bautagebuch automatisch erstellen"},"spsn_produkt_stake":{"spsn_stake_heading_h2":"Ineffective Task Management is Not an Option.","spsn_stake_liste":[{"spsn_stake_links":"Lost tasks in the stressful daily routine","spsn_stake_rechts":"Monitor tasks & status in the dashboard"},{"spsn_stake_links":"Lack of overview of who needs to do what","spsn_stake_rechts":"Easy filtering by trade \/ responsible person"},{"spsn_stake_links":"Forgotten details & changes","spsn_stake_rechts":"Quick look-up thanks to keyword search"}]},"s4pn_warum_section":{"s4pn_blau_infobox_einblenden":"ja","s4pn_section_01_einblenden":"nein","s4pn_section_02_einblenden":"nein","s4pn_section_03_einblenden":"nein","s4pn_intro_heading_h2_n":"Benefits of Construction Task Management Software ","s4pn_intro_text":"If no one has an overview of what needs to be done on the construction site, it will end in chaos. The slightest forgotten subtask <strong>can affect the entire construction process<\/strong> further down the line. Clashes in the <a href=\"https:\/\/bau-master.com\/gb\/features\/construction-scheduling-software\">construction time schedule<\/a>, serious delays, expensive construction faults - the list goes on.\r\n\r\nThat's why you need a task management solution that is mobile, easy to use and clearly organised. As the responsible construction project manager, you\u2019ll have <strong>all open and completed tasks at your fingertips at all times <\/strong>and will be able to communicate them clearly to everyone involved. That way, all the cogwheels of the construction site gearbox mesh perfectly.","s4pn_bild_subinfo":30443,"s4pn_subinfo_text":"<strong>bmhideme <\/strong>","s4pn_1_section_heading_h3":"Wer muss das Bautagebuch f\u00fchren?","s4pn_1_section_info_text":"Das Bautagebuch f\u00fchrt der Architekt, Bauleiter oder Generalunternehmer, also derjenige, der das gesamte Baugeschehen koordiniert und im \u00dcberblick hat. Laut HOAI (Honorarordnung f\u00fcr Architekten) geh\u00f6rt die Dokumentation der Baustellenabl\u00e4ufe zu den Grundleistungen eines Architekten, der mit der Bau\u00fcberwachung betraut ist. Ziel ist es, die Entstehung des Bauwerkes mit allen Details nachvollziehbar zu machen.","s4pn_1_info_einblenden":"nein","s4pn_1_info_text":"","s4pn_2_section_heading_h3":"Wer muss das Bautagebuch f\u00fchren?","s4pn_2_section_info_text":"Das Bautagebuch f\u00fchrt der Architekt, Bauleiter oder Generalunternehmer, also derjenige, der das gesamte Baugeschehen koordiniert und im \u00dcberblick hat. Laut HOAI (Honorarordnung f\u00fcr Architekten) geh\u00f6rt die Dokumentation der Baustellenabl\u00e4ufe zu den Grundleistungen eines Architekten, der mit der Bau\u00fcberwachung betraut ist. Ziel ist es, die Entstehung des Bauwerkes mit allen Details nachvollziehbar zu machen.","s4pn_2_info_einblenden":"nein","s4pn_2_info_text":"","s4pn_3_section_heading_h3":"Wer muss das Bautagebuch f\u00fchren?","s4pn_3_section_info_text":"Das Bautagebuch f\u00fchrt der Architekt, Bauleiter oder Generalunternehmer, also derjenige, der das gesamte Baugeschehen koordiniert und im \u00dcberblick hat. Laut HOAI (Honorarordnung f\u00fcr Architekten) geh\u00f6rt die Dokumentation der Baustellenabl\u00e4ufe zu den Grundleistungen eines Architekten, der mit der Bau\u00fcberwachung betraut ist. Ziel ist es, die Entstehung des Bauwerkes mit allen Details nachvollziehbar zu machen.","s4pn_3_info_einblenden":"nein","s4pn_3_info_text":""},"s6pn_content_info_section":{"s6pn_content_einblenden":"nein","s6pn_content_info":"","s6pn_zusatzinfo_einblenden":"ja","s6pn_zusatzinfo":"","s6pn_content_info_extern":""},"s7pn_produkte_ubersicht":{"s7pn_produktubersicht_heading_h2_n":"Und des wir dann do a \u00dcberschrift, a h2 n\u00e4mlich.","27pn_produktubersicht_text":""},"s8pn_section_unten":{"s8pn_heading_h2_unten_n":"Transform Your Chaotic Construction Task Management Today! ","s8pn_text_unten":"Use the BauMaster dashboard as the hub for your construction task management and benefit from <strong>a better overview, less wasted time and clean documentation of all to-dos<\/strong>.\r\n\r\nOf course, you can test the software <strong>free of charge and without obligation<\/strong> to see for yourself - we will be happy to provide you with honest support!","s8pn_infotext_unten":"BauMaster is <strong>your digital construction mastermind,<\/strong> designed to ensure that no task gets lost in the daily construction hustle and bustle."}},"wpml_current_locale":"gb","wpml_translations":{"de":{"id":21281,"locale":"de","post_title":"Aufgabenmanagement","permalink":"https:\/\/bau-master.com\/bausoftware\/aufgabenmanagement\/","status":"publish"},"gb":{"id":32386,"locale":"gb","post_title":"Tasks","permalink":"https:\/\/bau-master.com\/gb\/features\/construction-task-management\/","status":"publish"}},"wpml_trid":"21281","taxonomy_info":[],"featured_image_src_large":["https:\/\/bau-master.com\/hp\/wp-content\/uploads\/2025\/02\/construction-task-management_header-1024x1024.png",1024,1024,true],"author_info":{"display_name":"Gudrun Mertl","author_link":"https:\/\/bau-master.com\/gb\/baublog\/author\/gmbau-master-com\/"},"comment_info":"","_links":{"self":[{"href":"https:\/\/bau-master.com\/gb\/wp-json\/wp\/v2\/pages\/32386","targetHints":{"allow":["GET"]}}],"collection":[{"href":"https:\/\/bau-master.com\/gb\/wp-json\/wp\/v2\/pages"}],"about":[{"href":"https:\/\/bau-master.com\/gb\/wp-json\/wp\/v2\/types\/page"}],"author":[{"embeddable":true,"href":"https:\/\/bau-master.com\/gb\/wp-json\/wp\/v2\/users\/3"}],"replies":[{"embeddable":true,"href":"https:\/\/bau-master.com\/gb\/wp-json\/wp\/v2\/comments?post=32386"}],"version-history":[{"count":2,"href":"https:\/\/bau-master.com\/gb\/wp-json\/wp\/v2\/pages\/32386\/revisions"}],"predecessor-version":[{"id":33036,"href":"https:\/\/bau-master.com\/gb\/wp-json\/wp\/v2\/pages\/32386\/revisions\/33036"}],"up":[{"embeddable":true,"href":"https:\/\/bau-master.com\/gb\/wp-json\/wp\/v2\/pages\/32234"}],"wp:featuredmedia":[{"embeddable":true,"href":"https:\/\/bau-master.com\/gb\/wp-json\/wp\/v2\/media\/31321"}],"wp:attachment":[{"href":"https:\/\/bau-master.com\/gb\/wp-json\/wp\/v2\/media?parent=32386"}],"wp:term":[{"taxonomy":"hf_cat_page","embeddable":true,"href":"https:\/\/bau-master.com\/gb\/wp-json\/wp\/v2\/hf_cat_page?post=32386"}],"curies":[{"name":"wp","href":"https:\/\/api.w.org\/{rel}","templated":true}]}}