{"id":32394,"date":"2022-11-11T21:47:24","date_gmt":"2022-11-11T20:47:24","guid":{"rendered":"https:\/\/webstage.bau-master.com\/hp\/features\/construction-drawing-management-software\/"},"modified":"2026-01-20T12:16:27","modified_gmt":"2026-01-20T11:16:27","slug":"construction-drawing-management-software","status":"publish","type":"page","link":"https:\/\/bau-master.com\/gb\/features\/construction-drawing-management-software\/","title":{"rendered":"Construction Drawing Management Software"},"content":{"rendered":"","protected":false},"excerpt":{"rendered":"","protected":false},"author":3,"featured_media":31326,"parent":32234,"menu_order":0,"comment_status":"closed","ping_status":"closed","template":"","meta":{"_acf_changed":false,"_seopress_robots_primary_cat":"","_seopress_titles_title":"Construction Drawing Management Software & App","_seopress_titles_desc":"Simplify construction drawing management with BauMaster: \u2713 all plans in one software \u2713 real-time updates \u2713 easy collaboration \u25ba Get started today!","_seopress_robots_index":"","_kad_blocks_custom_css":"","_kad_blocks_head_custom_js":"","_kad_blocks_body_custom_js":"","_kad_blocks_footer_custom_js":"","footnotes":""},"hf_cat_page":[345],"class_list":["post-32394","page","type-page","status-publish","has-post-thumbnail","hentry"],"acf":{"g_schema_seo":"","s1pn_neu_header_produkte":{"s1pn_neu_header_title_h1_n":"Construction Drawing Management Software: Simplify Your Plan Organization","s1pn_neu_header_text_top":"Different versions of plans circulating on the construction site inevitably lead to expensive errors. <strong>Put an end to the chaos of plans<\/strong> with digital construction drawing management!","s1pn_neu_header_text_unten":"Mit BauMaster als Planserver und Planmanagement-App <strong>verwalten und verteilen Sie Ihre Pl\u00e4ne tagesaktuell<\/strong>. Alle bleiben auf dem neuesten Stand! ","s1pn_neu_header_app_image":""},"s2pn_1_2_3_section":{"s2pn_section_2_einblenden":"ja","s2pn_section_3_einblenden":"ja","s2pn_123_heading_h2_n":"How BauMaster's Construction Drawing Management Works","s2pn_123_heading_subtext":"Our construction drawing management software helps you keep track of <strong>all plan changes<\/strong> and distribute them quickly and easily to all those involved in the construction process. Everyone will be working with the latest plan version, eliminating the common problem of craftspeople working with outdated plans. \n\nHolen Sie auch <strong>externe Fachplaner kostenlos mit ins Team<\/strong>: diese k\u00f6nnen Pl\u00e4ne und neue Versionen hochladen, die der Projektleiter dann freigeben kann f\u00fcr das gesamte Team - damit bietet BauMaster alle Funktionen eines <strong>Planservers<\/strong>.","s2pn_1_heading_h3":"Upload Construction Drawings","s2pn_1_text_content":"If there is a new plan version, simply drag and drop the file into the drawing management software.\n<ul>\n \t<li>Upload several plans at the same time if required<\/li>\n \t<li>Add keywords and sort individually<\/li>\n \t<li>Create your own folder structure<\/li>\n \t<li>For external planners: Activate upload folder so they can directly upload plans and PDFs to the project - free of charge via the Teamworker license<\/li>\n<\/ul>","s2pn_1_bild":31357,"s2pn_1_info_text":"Dank zentralem Planserver immer den neuesten Planstand samt Datum im Blick!","s2pn_2_heading_h3_Kopie":"Digital Drawing Management","s2pn_2_text_content_Kopie":"You can then manage the uploaded plans with just a few clicks:\n<ul>\n \t<li>Save & track unlimited plan versions<\/li>\n \t<li><strong>Review plans from external planners <\/strong>or partners and reject if necessary<\/li>\n \t<li>Search all drawings with a keyword search<\/li>\n \t<li><strong>Sketch directly in the plans, add plan markers, comment<\/strong><\/li>\n \t<li>View assigned tasks for plan markers directly<\/li>\n \t<li><strong>Aufgaben planbasiert erfassen<\/strong>: direkt \u00fcber den Plan neue Aufgaben anlegen und auf dem Plan verorten (ab I\/26)<\/li>\n<\/ul>","s2pn_2_bild_Kopie":31358,"s2pn_2_info_text_Kopie":"Alte Pl\u00e4ne bleiben in der Historie gespeichert - f\u00fcr volle Rechtssicherheit!","s2pn_3_heading_h3":"Share Plans with Your Team","s2pn_3_text_content":"Thanks to the digital plan manager, everyone involved is always working with the latest version:\n<ul>\n \t<li>Distribute plans directly from the construction drawings software<\/li>\n \t<li>Release plans from external planners to the team after review and define who is allowed to see plans<\/li>\n \t<li>Partner users and Teamworker automatically see the new plan<\/li>\n \t<li>nicht registrierte Nutzer erhalten den Plan per E-Mail<\/li>\n<\/ul>","s2pn_3_bild":31359,"s2pn_3_info_text":"See at a glance who has received, opened & downloaded the latest plan!"},"s3pn_cta_group":{"s3pn_cta_bild":"","s3pn_cta_titel_h2_n":"Find Out More About The BauMaster Construction Drawings Software!","s3pn_cta_3_punkt":"Ab sofort digitales Bautagebuch automatisch erstellen"},"spsn_produkt_stake":{"spsn_stake_heading_h2":"Poor plan management is not an option.","spsn_stake_liste":[{"spsn_stake_links":"Outdated plan versions in circulation","spsn_stake_rechts":"Everyone is up-to-date"},{"spsn_stake_links":"No overview of changes","spsn_stake_rechts":"Check quickly anytime & anywhere"},{"spsn_stake_links":"No clean documents for legal proceedings","spsn_stake_rechts":"Trace plans with legal certainty thanks to history"}]},"s4pn_warum_section":{"s4pn_blau_infobox_einblenden":"ja","s4pn_section_01_einblenden":"nein","s4pn_section_02_einblenden":"nein","s4pn_section_03_einblenden":"nein","s4pn_intro_heading_h2_n":"Why Is Construction Drawing Management Software Essential?","s4pn_intro_text":"The <strong>plan is the foundation of all construction site work<\/strong>. Daily changes without proper management create confusion: \n<ul>\n \t<li>Construction companies may miss latest plan updates<\/li>\n \t<li>No way to verify if teams are using current versions<\/li>\n \t<li>Project coordination becomes inefficient<\/li>\n \t<li>Leading to errors, delays, and conflicts<\/li>\n<\/ul>\nThis is why <strong>digital plan management is essential.<\/strong> It tracks all changes and ensures everyone works with current plans, with easy verification of plan status.  ","s4pn_bild_subinfo":"","s4pn_subinfo_text":"Plan disputes become simple to resolve - one quick check shows exactly what version was current at any time. If<strong> legal issues arise<\/strong>, you have complete documentation through the software.    ","s4pn_1_section_heading_h3":"Wer muss das Bautagebuch f\u00fchren?","s4pn_1_section_info_text":"","s4pn_1_info_einblenden":"nein","s4pn_1_info_text":"","s4pn_2_section_heading_h3":"Wer muss das Bautagebuch f\u00fchren?","s4pn_2_section_info_text":"","s4pn_2_info_einblenden":"nein","s4pn_2_info_text":"","s4pn_3_section_heading_h3":"Wer muss das Bautagebuch f\u00fchren?","s4pn_3_section_info_text":"","s4pn_3_info_einblenden":"nein","s4pn_3_info_text":""},"s6pn_content_info_section":{"s6pn_content_einblenden":"nein","s6pn_content_info":"","s6pn_zusatzinfo_einblenden":"nein","s6pn_zusatzinfo":"","s6pn_content_info_extern":""},"s7pn_produkte_ubersicht":{"s7pn_produktubersicht_heading_h2_n":"Und des wir dann do a \u00dcberschrift, a h2 n\u00e4mlich.","27pn_produktubersicht_text":""},"s8pn_section_unten":{"s8pn_heading_h2_unten_n":"Get Your Digital Drawing Management System Today","s8pn_text_unten":"Working with the latest plans eliminates <strong>costly information gaps. <\/strong> BauMaster's construction drawing management software helps you achieve this.\n\nThe best way to see what our software can actually do in plan management is to see it in action. Experience the benefits firsthand with our 30-day free trial and<strong> transform your plan management.<\/strong>","s8pn_infotext_unten":"Your digital partner for project success, even as plans change!<br>\u00bbTry for free "}},"wpml_current_locale":"gb","wpml_translations":{"de":{"id":21302,"locale":"de","post_title":"Planverwaltung","permalink":"https:\/\/bau-master.com\/bausoftware\/planverwaltung\/","status":"publish"},"gb":{"id":32394,"locale":"gb","post_title":"Construction Drawing Management Software","permalink":"https:\/\/bau-master.com\/gb\/features\/construction-drawing-management-software\/","status":"publish"}},"wpml_trid":"21302","taxonomy_info":[],"featured_image_src_large":["https:\/\/bau-master.com\/hp\/wp-content\/uploads\/2025\/02\/construction-drawing-management-software_header-1-1024x1024.png",1024,1024,true],"author_info":{"display_name":"Gudrun Mertl","author_link":"https:\/\/bau-master.com\/gb\/baublog\/author\/gmbau-master-com\/"},"comment_info":"","_links":{"self":[{"href":"https:\/\/bau-master.com\/gb\/wp-json\/wp\/v2\/pages\/32394","targetHints":{"allow":["GET"]}}],"collection":[{"href":"https:\/\/bau-master.com\/gb\/wp-json\/wp\/v2\/pages"}],"about":[{"href":"https:\/\/bau-master.com\/gb\/wp-json\/wp\/v2\/types\/page"}],"author":[{"embeddable":true,"href":"https:\/\/bau-master.com\/gb\/wp-json\/wp\/v2\/users\/3"}],"replies":[{"embeddable":true,"href":"https:\/\/bau-master.com\/gb\/wp-json\/wp\/v2\/comments?post=32394"}],"version-history":[{"count":1,"href":"https:\/\/bau-master.com\/gb\/wp-json\/wp\/v2\/pages\/32394\/revisions"}],"predecessor-version":[{"id":33095,"href":"https:\/\/bau-master.com\/gb\/wp-json\/wp\/v2\/pages\/32394\/revisions\/33095"}],"up":[{"embeddable":true,"href":"https:\/\/bau-master.com\/gb\/wp-json\/wp\/v2\/pages\/32234"}],"wp:featuredmedia":[{"embeddable":true,"href":"https:\/\/bau-master.com\/gb\/wp-json\/wp\/v2\/media\/31326"}],"wp:attachment":[{"href":"https:\/\/bau-master.com\/gb\/wp-json\/wp\/v2\/media?parent=32394"}],"wp:term":[{"taxonomy":"hf_cat_page","embeddable":true,"href":"https:\/\/bau-master.com\/gb\/wp-json\/wp\/v2\/hf_cat_page?post=32394"}],"curies":[{"name":"wp","href":"https:\/\/api.w.org\/{rel}","templated":true}]}}