{"id":32396,"date":"2022-11-10T13:28:14","date_gmt":"2022-11-10T12:28:14","guid":{"rendered":"https:\/\/webstage.bau-master.com\/hp\/features\/construction-cost-management-software\/"},"modified":"2026-01-08T21:40:06","modified_gmt":"2026-01-08T20:40:06","slug":"construction-cost-management-software","status":"publish","type":"page","link":"https:\/\/bau-master.com\/gb\/features\/construction-cost-management-software\/","title":{"rendered":"Construction Cost Management"},"content":{"rendered":"","protected":false},"excerpt":{"rendered":"","protected":false},"author":3,"featured_media":31328,"parent":32234,"menu_order":0,"comment_status":"closed","ping_status":"closed","template":"","meta":{"_acf_changed":false,"_seopress_robots_primary_cat":"","_seopress_titles_title":"Construction Cost Management Software","_seopress_titles_desc":"Construction cost management software: \u2713 track, analyse & optimise costs \u2713 control budgets efficiently \u2713 stay profitable with BauMaster \u25ba Try it now!","_seopress_robots_index":"","_kad_blocks_custom_css":"","_kad_blocks_head_custom_js":"","_kad_blocks_body_custom_js":"","_kad_blocks_footer_custom_js":"","footnotes":""},"hf_cat_page":[345],"class_list":["post-32396","page","type-page","status-publish","has-post-thumbnail","hentry"],"acf":{"global_faq_relationship_zuweisung":null,"g_schema_seo":"","s1pn_neu_header_produkte":{"s1pn_neu_header_title_h1_n":"Construction Cost Management Software: Monitor Project Costs","s1pn_neu_header_text_top":"Construction cost controlling is essential for budget management. <strong>Let's simplify your workflow with specialized software.<\/strong>","s1pn_neu_header_text_unten":"BauMaster's construction cost management software gives you <strong>instant visibility of all cost changes across your projects.<\/strong>","s1pn_neu_header_app_image":""},"s2pn_1_2_3_section":{"s2pn_section_2_einblenden":"ja","s2pn_section_3_einblenden":"nein","s2pn_123_heading_h2_n":"How Does Construction Cost Management Software Work?","s2pn_123_heading_subtext":"Is it difficult for you to keep track of costs with all the<strong> faults, changes and special requests? <\/strong>With BauMaster as your construction cost tracking software, those days are over: your cost controlling is now clearly regulated.","s2pn_1_heading_h3":"Task-Specific Costs ","s2pn_1_text_content":"For each protocol entry, you can record the additional or reduced costs as needed:\r\n<ul>\r\n \t<li>Total Costs for each project<\/li>\r\n \t<li>Gross or net<\/li>\r\n \t<li>Flexible definition of tax rate for each project<\/li>\r\n<\/ul>","s2pn_1_bild":31362,"s2pn_1_info_text":"Be informed about how the costs of the construction project are developing.","s2pn_2_heading_h3_Kopie":"Cost Overview Sharing","s2pn_2_text_content_Kopie":"Your client needs a quick cost summary or your boss needs an <strong>overview of the budget?<\/strong>\r\n<ul>\r\n \t<li>Filter by costs per project, trade, etc. with the search &amp; filter function<\/li>\r\n \t<li>Results of all additional and reduced costs in a clear list<\/li>\r\n \t<li>TIP: Copy and paste this list into Excel and distribute it easily.<\/li>\r\n<\/ul>","s2pn_2_bild_Kopie":31363,"s2pn_2_info_text_Kopie":"Copy and share project costs in Excel spreadsheets.","s2pn_3_heading_h3":"1. Schnell erfassen","s2pn_3_text_content":"Dank vorgegebener Eingabefelder entstehen im Handumdrehen vollst\u00e4ndige Berichte schon auf der Baustelle. Wiederkehrende T\u00e4tigkeiten und Vorkommnisse k\u00f6nnen einfach kopiert werden:\r\n<ul>\r\n \t<li>Vorgefertigte Textbl\u00f6cke verwenden<\/li>\r\n \t<li>Bauleistungen mit Fotos und Planmarkern versehen<\/li>\r\n \t<li>Schnellerfassung mittels Spracheingabe oder Diktierfunktion<\/li>\r\n \t<li>Baufortschritt bzw. terminliche Abweichungen dokumentieren<\/li>\r\n<\/ul>","s2pn_3_bild":"","s2pn_3_info_text":""},"s3pn_cta_group":{"s3pn_cta_bild":"","s3pn_cta_titel_h2_n":"Get Started with Construction Cost Tracking in 3 Simple Steps","s3pn_cta_3_punkt":"Ab sofort digitales Bautagebuch automatisch erstellen"},"spsn_produkt_stake":{"spsn_stake_heading_h2":"The Construction Industry is Digitizing Rapidly - Now is The Time to Act. ","spsn_stake_liste":[{"spsn_stake_links":"Avoid faults and execution errors","spsn_stake_rechts":"Save time and money"},{"spsn_stake_links":"Document execution verifiably","spsn_stake_rechts":"Secure proof of warranty"},{"spsn_stake_links":"Clients demand documentation","spsn_stake_rechts":"Secure orders and competitiveness"},{"spsn_stake_links":"Lack of overview and inefficient work","spsn_stake_rechts":"Stop the stress"}]},"s4pn_warum_section":{"s4pn_blau_infobox_einblenden":"nein","s4pn_section_01_einblenden":"nein","s4pn_section_02_einblenden":"nein","s4pn_section_03_einblenden":"nein","s4pn_intro_heading_h2_n":"How Our Construction Project Cost Management Software Benefits You","s4pn_intro_text":"Three key factors determine construction project success:\r\n<ol>\r\n \t<li>Meeting the time frame<\/li>\r\n \t<li>ensuring quality<\/li>\r\n \t<li>keeping within budget<\/li>\r\n<\/ol>\r\nProject managers must<strong> monitor both time and costs closely<\/strong>. Management Software helps track everything despite changing material prices, special requests and modifications.\r\nIt's essential to calculate initial costs accurately using tools like <strong>construction cost calculators.\r\n<\/strong>Project changes and unforeseen events make <strong>ongoing cost control vital.<\/strong>","s4pn_bild_subinfo":"","s4pn_subinfo_text":"To manage construction costs effectively, specialized software is necessary. <strong>BauMaster enables quick cost documentation for all tasks and packages.<\/strong>","s4pn_1_section_heading_h3":"Wer muss das Bautagebuch f\u00fchren?","s4pn_1_section_info_text":"","s4pn_1_info_einblenden":"nein","s4pn_1_info_text":"","s4pn_2_section_heading_h3":"Wer muss das Bautagebuch f\u00fchren?","s4pn_2_section_info_text":"","s4pn_2_info_einblenden":"nein","s4pn_2_info_text":"","s4pn_3_section_heading_h3":"Wer muss das Bautagebuch f\u00fchren?","s4pn_3_section_info_text":"","s4pn_3_info_einblenden":"nein","s4pn_3_info_text":""},"s6pn_content_info_section":{"s6pn_content_einblenden":"nein","s6pn_content_info":"","s6pn_zusatzinfo_einblenden":"nein","s6pn_zusatzinfo":"","s6pn_content_info_extern":""},"s7pn_produkte_ubersicht":{"s7pn_produktubersicht_heading_h2_n":"Und des wir dann do a \u00dcberschrift, a h2 n\u00e4mlich.","27pn_produktubersicht_text":""},"s8pn_section_unten":{"s8pn_heading_h2_unten_n":"Try BauMaster Construction Cost Management Software Today","s8pn_text_unten":"We understand your<strong> challenge of finding the right construction project cost management software<\/strong> and integrating it into your existing processes. Let us help you, without obligation, competently and honestly. During the trial, we will contact you and work with you to find solutions for your requirements.","s8pn_infotext_unten":"BauMaster is a simple construction cost management software - a digital construction mastermind which ensures<strong> reliable cost controlling<\/strong> so nothing stands in the way of your project's success in the end."}},"wpml_current_locale":"gb","wpml_translations":{"de":{"id":21313,"locale":"de","post_title":"Baukostenmanagement","permalink":"https:\/\/bau-master.com\/bausoftware\/baukostenmanagement\/","status":"publish"},"gb":{"id":32396,"locale":"gb","post_title":"Construction Cost Management","permalink":"https:\/\/bau-master.com\/gb\/features\/construction-cost-management-software\/","status":"publish"}},"wpml_trid":"21313","taxonomy_info":[],"featured_image_src_large":["https:\/\/bau-master.com\/hp\/wp-content\/uploads\/2025\/02\/construction-cost-management-software_header-1-1024x1024.png",1024,1024,true],"author_info":{"display_name":"Gudrun Mertl","author_link":"https:\/\/bau-master.com\/gb\/baublog\/author\/gmbau-master-com\/"},"comment_info":"","_links":{"self":[{"href":"https:\/\/bau-master.com\/gb\/wp-json\/wp\/v2\/pages\/32396","targetHints":{"allow":["GET"]}}],"collection":[{"href":"https:\/\/bau-master.com\/gb\/wp-json\/wp\/v2\/pages"}],"about":[{"href":"https:\/\/bau-master.com\/gb\/wp-json\/wp\/v2\/types\/page"}],"author":[{"embeddable":true,"href":"https:\/\/bau-master.com\/gb\/wp-json\/wp\/v2\/users\/3"}],"replies":[{"embeddable":true,"href":"https:\/\/bau-master.com\/gb\/wp-json\/wp\/v2\/comments?post=32396"}],"version-history":[{"count":3,"href":"https:\/\/bau-master.com\/gb\/wp-json\/wp\/v2\/pages\/32396\/revisions"}],"predecessor-version":[{"id":33101,"href":"https:\/\/bau-master.com\/gb\/wp-json\/wp\/v2\/pages\/32396\/revisions\/33101"}],"up":[{"embeddable":true,"href":"https:\/\/bau-master.com\/gb\/wp-json\/wp\/v2\/pages\/32234"}],"wp:featuredmedia":[{"embeddable":true,"href":"https:\/\/bau-master.com\/gb\/wp-json\/wp\/v2\/media\/31328"}],"wp:attachment":[{"href":"https:\/\/bau-master.com\/gb\/wp-json\/wp\/v2\/media?parent=32396"}],"wp:term":[{"taxonomy":"hf_cat_page","embeddable":true,"href":"https:\/\/bau-master.com\/gb\/wp-json\/wp\/v2\/hf_cat_page?post=32396"}],"curies":[{"name":"wp","href":"https:\/\/api.w.org\/{rel}","templated":true}]}}