{"id":32475,"date":"2022-11-11T21:47:23","date_gmt":"2022-11-11T20:47:23","guid":{"rendered":"https:\/\/webstage.bau-master.com\/hp\/features\/facility-management-software\/"},"modified":"2026-01-08T21:40:25","modified_gmt":"2026-01-08T20:40:25","slug":"facility-management-software","status":"publish","type":"page","link":"https:\/\/bau-master.com\/gb\/features\/facility-management-software\/","title":{"rendered":"Facility Management"},"content":{"rendered":"","protected":false},"excerpt":{"rendered":"","protected":false},"author":3,"featured_media":31335,"parent":32234,"menu_order":0,"comment_status":"closed","ping_status":"closed","template":"","meta":{"_acf_changed":false,"_seopress_robots_primary_cat":"","_seopress_titles_title":"Facility Management Software: Collaborative Maintenance","_seopress_titles_desc":"Your facility management software for efficient maintenance: \u2713 user-friendly \u2713 collaborative \u2713 detailed checklists & reports \u25ba Try it today!","_seopress_robots_index":"","_kad_blocks_custom_css":"","_kad_blocks_head_custom_js":"","_kad_blocks_body_custom_js":"","_kad_blocks_footer_custom_js":"","footnotes":""},"hf_cat_page":[345],"class_list":["post-32475","page","type-page","status-publish","has-post-thumbnail","hentry"],"acf":{"global_faq_relationship_zuweisung":null,"g_schema_seo":"","s1pn_neu_header_produkte":{"s1pn_neu_header_title_h1_n":"Facility Management Software: Your Building Maintenance Solution","s1pn_neu_header_text_top":"The majority of building costs arise after completion. <strong>Digital building management<\/strong> can save you time and money.","s1pn_neu_header_text_unten":"With BauMaster as your <strong>smart facility management softwar<\/strong>e, you manage buildings systematically, efficiently and cost-effectively!","s1pn_neu_header_app_image":""},"s2pn_1_2_3_section":{"s2pn_section_2_einblenden":"ja","s2pn_section_3_einblenden":"nein","s2pn_123_heading_h2_n":"Key Features of Our Facility Management Software","s2pn_123_heading_subtext":"BauMaster supports you in making <strong>facility management more efficient<\/strong>: on the one hand, planning and monitoring maintenance cycles and, on the other, coordinating maintenance measures. Thanks to the mobile app, you can do both wherever and whenever you want.","s2pn_1_heading_h3":"Streamlined Maintenance Planning with Checklists","s2pn_1_text_content":"Plan all maintenance measures for your buildings quickly and easily:\r\n<ul>\r\n \t<li>All information and documents in one place<\/li>\r\n \t<li>Structured checklists for inspections, maintenance and repairs<\/li>\r\n \t<li>Standardised processes \u2013 from construction to demolition<\/li>\r\n \t<li>Practical structure for residential and commercial units, including room inventory, e.g. for fire extinguishers, fire alarms and much more<\/li>\r\n<\/ul>","s2pn_1_bild":31385,"s2pn_1_info_text":"Checklists can be copied, adapted and reused for any number of projects!","s2pn_2_heading_h3_Kopie":"Connected Collaboration with Trade Partners","s2pn_2_text_content_Kopie":"If maintenance or repairs are due, you can easily coordinate them using the facility maintenance software:\r\n<ul>\r\n \t<li>Mobile logging during inspections\/site visits<\/li>\r\n \t<li>Create tasks and assign responsibilities<\/li>\r\n \t<li>Display owner and tenant data for tradespeople on reports, including residential unit<\/li>\r\n \t<li>Monitor completion in the BauMaster dashboard<\/li>\r\n<\/ul>","s2pn_2_bild_Kopie":31386,"s2pn_2_info_text_Kopie":"All work is seamlessly recorded and can be evaluated\/sent as a PDF report!","s2pn_3_heading_h3":"1. Schnell erfassen","s2pn_3_text_content":"Dank vorgegebener Eingabefelder entstehen im Handumdrehen vollst\u00e4ndige Berichte schon auf der Baustelle. Wiederkehrende T\u00e4tigkeiten und Vorkommnisse k\u00f6nnen einfach kopiert werden:\r\n<ul>\r\n \t<li>Vorgefertigte Textbl\u00f6cke verwenden<\/li>\r\n \t<li>Bauleistungen mit Fotos und Planmarkern versehen<\/li>\r\n \t<li>Schnellerfassung mittels Spracheingabe oder Diktierfunktion<\/li>\r\n \t<li>Baufortschritt bzw. terminliche Abweichungen dokumentieren<\/li>\r\n<\/ul>","s2pn_3_bild":"","s2pn_3_info_text":""},"s3pn_cta_group":{"s3pn_cta_bild":"","s3pn_cta_titel_h2_n":"Discover More Than Facility Maintenance Software: Explore BauMaster","s3pn_cta_3_punkt":"Ab sofort digitales Bautagebuch automatisch erstellen"},"spsn_produkt_stake":{"spsn_stake_heading_h2":"Facility management is unsustainable without software solutions","spsn_stake_liste":[{"spsn_stake_links":"No overview of what maintenance is due and when","spsn_stake_rechts":"Planning with clearly structured checklists"},{"spsn_stake_links":"Chaos while coordinating repairs","spsn_stake_rechts":"Smooth, networked collaboration"},{"spsn_stake_links":"Escalating maintenance costs","spsn_stake_rechts":"Consider costs as early as the construction phase"}]},"s4pn_warum_section":{"s4pn_blau_infobox_einblenden":"ja","s4pn_section_01_einblenden":"nein","s4pn_section_02_einblenden":"nein","s4pn_section_03_einblenden":"nein","s4pn_intro_heading_h2_n":"Why Facility Management Tools Are Essential Today","s4pn_intro_text":"The actual construction costs make up only a small portion of the total building costs. About 70-80% of the costs are incurred later, for maintenance, servicing and repair. <strong>As a result, there is great potential for savings in facility management.<\/strong>\r\n\r\nA<strong> facility management software<\/strong> uses this potential by bringing structure to building management, providing an overview and optimising workflows.\r\n<ul>\r\n \t<li>The tool brings together <strong>all information about the building in one place<\/strong>, from the first day of construction to demolition. This means that all future maintenance of a building can be taken into account during construction \u2013 which reduces costs. And important building data is available to everyone at all times.<\/li>\r\n \t<li><strong>Digital checklists<\/strong> (e.g. for regular maintenance, safety checks or fire protection inspections) are easy to create and ensure that no tasks are overlooked.<\/li>\r\n \t<li>You can commission spontaneous repairs in the facility maintenance software without a great deal of administrative effort \u2013 clients and contractors<strong> work together on one platform.<\/strong> You always have an overview of what still needs to be done and what has already been completed.<\/li>\r\n<\/ul>","s4pn_bild_subinfo":"","s4pn_subinfo_text":"No more tedious searches for information, manually creating checklists from scratch every time and answering countless questions from tradespeople. With the help of a good facilities management system, you can avoid such time-consuming tasks.","s4pn_1_section_heading_h3":"Wer muss das Bautagebuch f\u00fchren?","s4pn_1_section_info_text":"Das Bautagebuch f\u00fchrt der Architekt, Bauleiter oder Generalunternehmer, also derjenige, der das gesamte Baugeschehen koordiniert und im \u00dcberblick hat. Laut HOAI (Honorarordnung f\u00fcr Architekten) geh\u00f6rt die Dokumentation der Baustellenabl\u00e4ufe zu den Grundleistungen eines Architekten, der mit der Bau\u00fcberwachung betraut ist. Ziel ist es, die Entstehung des Bauwerkes mit allen Details nachvollziehbar zu machen.","s4pn_1_info_einblenden":"nein","s4pn_1_info_text":"","s4pn_2_section_heading_h3":"Wer muss das Bautagebuch f\u00fchren?","s4pn_2_section_info_text":"Das Bautagebuch f\u00fchrt der Architekt, Bauleiter oder Generalunternehmer, also derjenige, der das gesamte Baugeschehen koordiniert und im \u00dcberblick hat. Laut HOAI (Honorarordnung f\u00fcr Architekten) geh\u00f6rt die Dokumentation der Baustellenabl\u00e4ufe zu den Grundleistungen eines Architekten, der mit der Bau\u00fcberwachung betraut ist. Ziel ist es, die Entstehung des Bauwerkes mit allen Details nachvollziehbar zu machen.","s4pn_2_info_einblenden":"nein","s4pn_2_info_text":"","s4pn_3_section_heading_h3":"Wer muss das Bautagebuch f\u00fchren?","s4pn_3_section_info_text":"Das Bautagebuch f\u00fchrt der Architekt, Bauleiter oder Generalunternehmer, also derjenige, der das gesamte Baugeschehen koordiniert und im \u00dcberblick hat. Laut HOAI (Honorarordnung f\u00fcr Architekten) geh\u00f6rt die Dokumentation der Baustellenabl\u00e4ufe zu den Grundleistungen eines Architekten, der mit der Bau\u00fcberwachung betraut ist. Ziel ist es, die Entstehung des Bauwerkes mit allen Details nachvollziehbar zu machen.","s4pn_3_info_einblenden":"nein","s4pn_3_info_text":""},"s6pn_content_info_section":{"s6pn_content_einblenden":"ja","s6pn_content_info":"<h2>Collaboration Via Facility Management App. A Practical Example:<\/h2>\r\nAs a facility manager, you carry out a fire safety inspection. During the inspection, you notice that a fire door does not close automatically as it should. Without detours, you <strong>order the repair directly via the facility management app<\/strong> on your tablet:\r\n<ol>\r\n \t<li><strong>Facility manager creates the task: <\/strong>You create a repair task, including a description, location and deadline. Then you take a photo of the door closer, attach it and assign the task to the responsible company.<\/li>\r\n \t<li><strong>Company receives the task: <\/strong>As a partner user, the responsible company sees the new entry in the facility software, schedules the repair and comments that the task will be completed by the desired date. You see the comment and can track progress on the dashboard.<\/li>\r\n \t<li><strong>Carrying out the repair: <\/strong>The company repairs the door as agreed and sets the task to \u2018to be checked\u2019.<\/li>\r\n \t<li><strong>Inspection and completion: <\/strong>The fire door now closes properly \u2013 you set the task to \u2018completed\u2019.<\/li>\r\n<\/ol>","s6pn_zusatzinfo_einblenden":"ja","s6pn_zusatzinfo":"The networked collaboration in the facility management software not only saves many unnecessary phone calls, emails and meetings. Repairs are also <strong>perfectly documented without any additional work.<\/strong>","s6pn_content_info_extern":""},"s7pn_produkte_ubersicht":{"s7pn_produktubersicht_heading_h2_n":"Und des wir dann do a \u00dcberschrift, a h2 n\u00e4mlich.","27pn_produktubersicht_text":""},"s8pn_section_unten":{"s8pn_heading_h2_unten_n":"Boost Your Efficiency with Facility Management Software!","s8pn_text_unten":"Facility management software helps structure your building management, reduce workload, and optimize maintenance costs across properties.\r\nNeed help choosing? <strong>Try our free 30-day trial with personal support<\/strong> to see if BauMaster is right for you.","s8pn_infotext_unten":"BauMaster is your <strong>professional facility management tool<\/strong> for time-saving and cost-efficient building management."}},"wpml_current_locale":"gb","wpml_translations":{"de":{"id":21322,"locale":"de","post_title":"Facilitymanagement","permalink":"https:\/\/bau-master.com\/bausoftware\/facilitymanagement\/","status":"publish"},"gb":{"id":32475,"locale":"gb","post_title":"Facility Management","permalink":"https:\/\/bau-master.com\/gb\/features\/facility-management-software\/","status":"publish"}},"wpml_trid":"21322","taxonomy_info":[],"featured_image_src_large":["https:\/\/bau-master.com\/hp\/wp-content\/uploads\/2025\/02\/facility-management-software_header-1024x1024.png",1024,1024,true],"author_info":{"display_name":"Gudrun Mertl","author_link":"https:\/\/bau-master.com\/gb\/baublog\/author\/gmbau-master-com\/"},"comment_info":"","_links":{"self":[{"href":"https:\/\/bau-master.com\/gb\/wp-json\/wp\/v2\/pages\/32475","targetHints":{"allow":["GET"]}}],"collection":[{"href":"https:\/\/bau-master.com\/gb\/wp-json\/wp\/v2\/pages"}],"about":[{"href":"https:\/\/bau-master.com\/gb\/wp-json\/wp\/v2\/types\/page"}],"author":[{"embeddable":true,"href":"https:\/\/bau-master.com\/gb\/wp-json\/wp\/v2\/users\/3"}],"replies":[{"embeddable":true,"href":"https:\/\/bau-master.com\/gb\/wp-json\/wp\/v2\/comments?post=32475"}],"version-history":[{"count":2,"href":"https:\/\/bau-master.com\/gb\/wp-json\/wp\/v2\/pages\/32475\/revisions"}],"predecessor-version":[{"id":33424,"href":"https:\/\/bau-master.com\/gb\/wp-json\/wp\/v2\/pages\/32475\/revisions\/33424"}],"up":[{"embeddable":true,"href":"https:\/\/bau-master.com\/gb\/wp-json\/wp\/v2\/pages\/32234"}],"wp:featuredmedia":[{"embeddable":true,"href":"https:\/\/bau-master.com\/gb\/wp-json\/wp\/v2\/media\/31335"}],"wp:attachment":[{"href":"https:\/\/bau-master.com\/gb\/wp-json\/wp\/v2\/media?parent=32475"}],"wp:term":[{"taxonomy":"hf_cat_page","embeddable":true,"href":"https:\/\/bau-master.com\/gb\/wp-json\/wp\/v2\/hf_cat_page?post=32475"}],"curies":[{"name":"wp","href":"https:\/\/api.w.org\/{rel}","templated":true}]}}