{"id":32478,"date":"2024-03-21T11:43:39","date_gmt":"2024-03-21T10:43:39","guid":{"rendered":"https:\/\/webstage.bau-master.com\/hp\/features\/warranty-management-software\/"},"modified":"2026-01-13T10:44:46","modified_gmt":"2026-01-13T09:44:46","slug":"warranty-management-software","status":"publish","type":"page","link":"https:\/\/bau-master.com\/gb\/features\/warranty-management-software\/","title":{"rendered":"Warranty Management Software:"},"content":{"rendered":"","protected":false},"excerpt":{"rendered":"","protected":false},"author":3,"featured_media":31695,"parent":32234,"menu_order":0,"comment_status":"closed","ping_status":"closed","template":"","meta":{"_acf_changed":false,"_seopress_robots_primary_cat":"","_seopress_titles_title":"Warranty Management Software: Get Started For Free!","_seopress_titles_desc":"Stay on top of deadlines with warranty management software: \u2713 efficient task management \u2713 easy to use \u2713 checklists & reports \u25ba Try it now!","_seopress_robots_index":"","_kad_blocks_custom_css":"","_kad_blocks_head_custom_js":"","_kad_blocks_body_custom_js":"","_kad_blocks_footer_custom_js":"","footnotes":""},"hf_cat_page":[345],"class_list":["post-32478","page","type-page","status-publish","has-post-thumbnail","hentry"],"acf":{"global_faq_relationship_zuweisung":null,"g_schema_seo":"","s1pn_neu_header_produkte":{"s1pn_neu_header_title_h1_n":"Warranty Management Software: Keep Your Warranties in Control","s1pn_neu_header_text_top":"Keeping track of all project deadlines, planning tasks, keeping records, reporting faults and much more: are you worried about the warranty period?","s1pn_neu_header_text_unten":"<strong>BauMaster is your warranty management software &amp; app<\/strong> \u2013 for a complete overview and legal certainty during the warranty phase.","s1pn_neu_header_app_image":""},"s2pn_1_2_3_section":{"s2pn_section_2_einblenden":"ja","s2pn_section_3_einblenden":"ja","s2pn_123_heading_h2_n":"How BauMaster Streamlines Your Warranty Management","s2pn_123_heading_subtext":"<a href=\"https:\/\/bau-master.com\/gb\/industries\/site-manager-software\">Site managers<\/a>, <a href=\"https:\/\/bau-master.com\/gb\/industries\/project-management-software-for-architects\">architects<\/a>, property managers and others have to keep an eye on numerous <strong>deadlines and dates<\/strong> in the final phase of a construction project while simultaneously <strong>managing warranty claims.<\/strong> The BauMaster warranty management system helps you reconcile everything: manage deadlines, distribute tasks, document faults, monitor their rectification and much more.","s2pn_1_heading_h3":"Monitor Deadlines in the Warranty App","s2pn_1_text_content":"Different acceptance dates and contract deadlines for all trades? With BauMaster as your warranty app, you can keep track of everything:\r\n<ul>\r\n \t<li>Enter and track warranty periods according to current legislation<\/li>\r\n \t<li>Define different deadlines depending on the contract and trade<\/li>\r\n \t<li>Schedule inspections well in advance of the end of the warranty period<\/li>\r\n<\/ul>","s2pn_1_bild":31698,"s2pn_1_info_text":"No missed deadlines, no limitation of construction defects \u2013 across all projects!","s2pn_2_heading_h3_Kopie":"Plan and Monitor Tasks","s2pn_2_text_content_Kopie":"Plan<strong> inspections, maintenance, repairs<\/strong>, etc. in the app and monitor their execution:\r\n<ul>\r\n \t<li>Create and reuse structured checklists<\/li>\r\n \t<li>Create and distribute tasks anytime, anywhere via smartphone\/tablet<\/li>\r\n \t<li>View collected tasks on the BauMaster dashboard<\/li>\r\n<\/ul>","s2pn_2_bild_Kopie":31697,"s2pn_2_info_text_Kopie":"Enhance your teamwork: use BauMaster as a <a href=\"https:\/\/bau-master.com\/gb\/features\/construction-task-management\">task management tool <\/a>during the construction phase!","s2pn_3_heading_h3":"Effective Defect Management","s2pn_3_text_content":"During the warranty period, a lot revolves around defect claims. With BauMaster, you can manage these quickly, easily and in a legally compliant manner.\r\n<ul>\r\n \t<li><strong>Legally compliant text templates<\/strong> according to legal regulations: e.g. defect report, notice of defect, etc.<\/li>\r\n \t<li>Assign defect rectification to the trades directly within the app<\/li>\r\n \t<li><strong>Monitor the status<\/strong> of the rectification thanks to the traffic light function<\/li>\r\n<\/ul>","s2pn_3_bild":31696,"s2pn_3_info_text":"Find out more about defect rectification with BauMaster: your <a href=\"https:\/\/bau-master.com\/gb\/features\/construction-defect-management-software\">defect management software!<\/a>"},"s3pn_cta_group":{"s3pn_cta_bild":"","s3pn_cta_titel_h2_n":"How to Achieve Worry-Free Warranty Management with Software","s3pn_cta_3_punkt":"Ab sofort digitales Bautagebuch automatisch erstellen"},"spsn_produkt_stake":{"spsn_stake_heading_h2":"Without a warranty management solution, chaos follows. Take action now. ","spsn_stake_liste":[{"spsn_stake_links":"If the deadline expires, faults become time-barred","spsn_stake_rechts":"All warranty periods at a glance"},{"spsn_stake_links":"Tasks and deadlines get lost","spsn_stake_rechts":"All to-dos perfectly organised"},{"spsn_stake_links":"Lack of legal certainty due to paper chaos","spsn_stake_rechts":"Digital documentation of defects"}]},"s4pn_warum_section":{"s4pn_blau_infobox_einblenden":"ja","s4pn_section_01_einblenden":"nein","s4pn_section_02_einblenden":"nein","s4pn_section_03_einblenden":"nein","s4pn_intro_heading_h2_n":"Why Use Warranty Software Solutions?","s4pn_intro_text":"Projects continue well beyond <a href=\"https:\/\/bau-master.com\/gb\/features\/construction-inspection-software\">construction inspection<\/a>, with warranty obligations lasting until the period expires. Quality issues during this time directly impact<strong> client satisfaction.<\/strong>\r\n\r\n<strong>Effective quality management<\/strong> is crucial for successful long-term collaboration, while <strong>keeping time and costs efficient <\/strong>to meet industry demands.\r\n\r\nBut how can this be achieved? <strong>It's quite simple: with a digital solution.<\/strong>\r\n\r\n<strong>The advantages of a warranty management software at a glance:<\/strong>\r\n<ul>\r\n \t<li><strong>Practical reminders<\/strong> for the warranty manager<\/li>\r\n \t<li><strong>Time savings<\/strong> through leaner administration and the avoidance of duplication of work<\/li>\r\n \t<li><strong>Lower costs<\/strong> through preventive defect management<\/li>\r\n \t<li>Ensuring high <strong>construction quality<\/strong><\/li>\r\n \t<li>Better <strong>collaboration <\/strong>and communication<\/li>\r\n \t<li><strong>Traceable documentation thanks to legally compliant protocols<\/strong><\/li>\r\n \t<li>Possibility of <strong>evaluation and analysis <\/strong>after project completion<\/li>\r\n \t<li><strong>Full legal certainty <\/strong>\u2013 even years later<\/li>\r\n<\/ul>","s4pn_bild_subinfo":"","s4pn_subinfo_text":"It is extremely important that <strong>construction work and events are recorded in full<\/strong>. In the event of a dispute, e.g. in the case of construction defects or warranty claims, the site diary is used as evidence. If it is missing or incomplete, it is almost impossible to trace what happened.","s4pn_1_section_heading_h3":"Wer muss das Bautagebuch f\u00fchren?","s4pn_1_section_info_text":"Das Bautagebuch f\u00fchrt der Architekt, Bauleiter oder Generalunternehmer, also derjenige, der das gesamte Baugeschehen koordiniert und im \u00dcberblick hat. Laut HOAI (Honorarordnung f\u00fcr Architekten) geh\u00f6rt die Dokumentation der Baustellenabl\u00e4ufe zu den Grundleistungen eines Architekten, der mit der Bau\u00fcberwachung betraut ist. Ziel ist es, die Entstehung des Bauwerkes mit allen Details nachvollziehbar zu machen.","s4pn_1_info_einblenden":"nein","s4pn_1_info_text":"","s4pn_2_section_heading_h3":"Wer muss das Bautagebuch f\u00fchren?","s4pn_2_section_info_text":"Das Bautagebuch f\u00fchrt der Architekt, Bauleiter oder Generalunternehmer, also derjenige, der das gesamte Baugeschehen koordiniert und im \u00dcberblick hat. Laut HOAI (Honorarordnung f\u00fcr Architekten) geh\u00f6rt die Dokumentation der Baustellenabl\u00e4ufe zu den Grundleistungen eines Architekten, der mit der Bau\u00fcberwachung betraut ist. Ziel ist es, die Entstehung des Bauwerkes mit allen Details nachvollziehbar zu machen.","s4pn_2_info_einblenden":"nein","s4pn_2_info_text":"","s4pn_3_section_heading_h3":"Wer muss das Bautagebuch f\u00fchren?","s4pn_3_section_info_text":"Das Bautagebuch f\u00fchrt der Architekt, Bauleiter oder Generalunternehmer, also derjenige, der das gesamte Baugeschehen koordiniert und im \u00dcberblick hat. Laut HOAI (Honorarordnung f\u00fcr Architekten) geh\u00f6rt die Dokumentation der Baustellenabl\u00e4ufe zu den Grundleistungen eines Architekten, der mit der Bau\u00fcberwachung betraut ist. Ziel ist es, die Entstehung des Bauwerkes mit allen Details nachvollziehbar zu machen.","s4pn_3_info_einblenden":"nein","s4pn_3_info_text":""},"s6pn_content_info_section":{"s6pn_content_einblenden":"ja","s6pn_content_info":"<h2><strong>Your All-in-One Warranty Management System \u2013 Right from Day One<\/strong><\/h2>\r\nBauMaster is not just a warranty management software, but also enables networked collaboration from the start of construction. The time after construction acceptance will be much smoother if you <strong>take precautions during the planning and construction phase.<\/strong>\r\n\r\n<strong>This is what integrated construction project management has to offer:<\/strong>\r\n<ul>\r\n \t<li>You collect all project data in one central location. Even after completion of construction, <strong>all information<\/strong> is available at the push of a button.<\/li>\r\n \t<li>Bundled communication means <strong>fewer misunderstandings and errors<\/strong>. If fewer construction defects arise before the handover, <strong>fewer warranty cases<\/strong> need to be processed later.<\/li>\r\n \t<li>Time and location-independent administration without pen and paper creates <strong>more time<\/strong> for other tasks \u2013 such as seamless monitoring of construction activities.<\/li>\r\n \t<li>Uniformly structured construction diaries, protocols and the like ensure legal certainty and <strong>simplify the investigation <\/strong>in the event of a warranty claim.<\/li>\r\n<\/ul>\r\n<!-- notionvc: 673e4562-81ce-44a4-9275-bd7b705b5bc0 -->","s6pn_zusatzinfo_einblenden":"nein","s6pn_zusatzinfo":"","s6pn_content_info_extern":""},"s7pn_produkte_ubersicht":{"s7pn_produktubersicht_heading_h2_n":"Und des wir dann do a \u00dcberschrift, a h2 n\u00e4mlich.","27pn_produktubersicht_text":""},"s8pn_section_unten":{"s8pn_heading_h2_unten_n":"Try Our Warranty Management Software Today!","s8pn_text_unten":"A digital warranty management software and app \u2013 does such a tool really help with your daily work? The best way to know is to see for yourself. Find out whether BauMaster is right for you \u2013 <strong>free of charge and without obligation.<\/strong>\r\n\r\nAre you still unsure whether our software meets your requirements? We are happy to advise you \u2013 without obligation, competently and honestly.","s8pn_infotext_unten":"BauMaster is <strong>your digital construction mastermind<\/strong> that supports you even after construction is complete."}},"wpml_current_locale":"gb","wpml_translations":{"de":{"id":27786,"locale":"de","post_title":"Gew\u00e4hrleistungsmanagement","permalink":"https:\/\/bau-master.com\/bausoftware\/gewaehrleistungsmanagement\/","status":"publish"},"gb":{"id":32478,"locale":"gb","post_title":"Warranty Management Software:","permalink":"https:\/\/bau-master.com\/gb\/features\/warranty-management-software\/","status":"publish"}},"wpml_trid":"27786","taxonomy_info":[],"featured_image_src_large":["https:\/\/bau-master.com\/hp\/wp-content\/uploads\/2025\/02\/warranty-management_header-1-1024x1024.png",1024,1024,true],"author_info":{"display_name":"Gudrun Mertl","author_link":"https:\/\/bau-master.com\/gb\/baublog\/author\/gmbau-master-com\/"},"comment_info":"","_links":{"self":[{"href":"https:\/\/bau-master.com\/gb\/wp-json\/wp\/v2\/pages\/32478","targetHints":{"allow":["GET"]}}],"collection":[{"href":"https:\/\/bau-master.com\/gb\/wp-json\/wp\/v2\/pages"}],"about":[{"href":"https:\/\/bau-master.com\/gb\/wp-json\/wp\/v2\/types\/page"}],"author":[{"embeddable":true,"href":"https:\/\/bau-master.com\/gb\/wp-json\/wp\/v2\/users\/3"}],"replies":[{"embeddable":true,"href":"https:\/\/bau-master.com\/gb\/wp-json\/wp\/v2\/comments?post=32478"}],"version-history":[{"count":1,"href":"https:\/\/bau-master.com\/gb\/wp-json\/wp\/v2\/pages\/32478\/revisions"}],"predecessor-version":[{"id":32831,"href":"https:\/\/bau-master.com\/gb\/wp-json\/wp\/v2\/pages\/32478\/revisions\/32831"}],"up":[{"embeddable":true,"href":"https:\/\/bau-master.com\/gb\/wp-json\/wp\/v2\/pages\/32234"}],"wp:featuredmedia":[{"embeddable":true,"href":"https:\/\/bau-master.com\/gb\/wp-json\/wp\/v2\/media\/31695"}],"wp:attachment":[{"href":"https:\/\/bau-master.com\/gb\/wp-json\/wp\/v2\/media?parent=32478"}],"wp:term":[{"taxonomy":"hf_cat_page","embeddable":true,"href":"https:\/\/bau-master.com\/gb\/wp-json\/wp\/v2\/hf_cat_page?post=32478"}],"curies":[{"name":"wp","href":"https:\/\/api.w.org\/{rel}","templated":true}]}}