{"id":32541,"date":"2022-11-11T21:47:23","date_gmt":"2022-11-11T20:47:23","guid":{"rendered":"https:\/\/webstage.bau-master.com\/hp\/features\/construction-document-management-software\/"},"modified":"2026-01-08T21:40:24","modified_gmt":"2026-01-08T20:40:24","slug":"construction-document-management-software","status":"publish","type":"page","link":"https:\/\/bau-master.com\/gb\/features\/construction-document-management-software\/","title":{"rendered":"Documents"},"content":{"rendered":"","protected":false},"excerpt":{"rendered":"","protected":false},"author":3,"featured_media":31337,"parent":32234,"menu_order":0,"comment_status":"closed","ping_status":"closed","template":"","meta":{"_acf_changed":false,"_seopress_robots_primary_cat":"","_seopress_titles_title":"Construction Document Management Software & App","_seopress_titles_desc":"Organise your projects easily with construction document management software: \u2713 paperless \u2713 unlimited storage \u2713 access anywhere \u25ba Try BauMaster now!","_seopress_robots_index":"","_kad_blocks_custom_css":"","_kad_blocks_head_custom_js":"","_kad_blocks_body_custom_js":"","_kad_blocks_footer_custom_js":"","footnotes":""},"hf_cat_page":[345],"class_list":["post-32541","page","type-page","status-publish","has-post-thumbnail","hentry"],"acf":{"global_faq_relationship_zuweisung":null,"g_schema_seo":"","s1pn_neu_header_produkte":{"s1pn_neu_header_title_h1_n":"Construction Document Management Software: Stay Perfectly Organised","s1pn_neu_header_text_top":"Whether it\u2019s important contracts or private notes: a <strong>construction project produces documents of all kinds in huge quantities<\/strong> - throughout the entire project lifecycle.","s1pn_neu_header_text_unten":"BauMaster provides smart construction document management, <strong>giving you instant access to files anytime, anywhere!<\/strong>","s1pn_neu_header_app_image":""},"s2pn_1_2_3_section":{"s2pn_section_2_einblenden":"ja","s2pn_section_3_einblenden":"nein","s2pn_123_heading_h2_n":"Cloud-Based Construction Document Management with BauMaster","s2pn_123_heading_subtext":"With BauMaster, you can <strong>store plans, notes, contracts, minutes, signatures and many other important documents centrally<\/strong>. This ensures that authorised companies and tradespeople always have access to information. You can call up your<a href=\"https:\/\/bau-master.com\/gb\/features\/digital-construction-software\"> digital construction file<\/a> at any time and from anywhere using a smartphone or tablet.","s2pn_1_heading_h3":"Maintain Complete Documentation","s2pn_1_text_content":"A complete construction file requires thorough documentation of all project details:\r\n<ul>\r\n \t<li><strong>Seamless on-site documentation is essential<\/strong>, including daily progress tracking and real-time updates<\/li>\r\n \t<li>All project information, like deadlines, delays and inspections <strong>must be recorded<\/strong><\/li>\r\n<\/ul>","s2pn_1_bild":31832,"s2pn_1_info_text":"With BauMaster, you have all this knowledge at your fingertips - on the<strong> construction site or in the office.<\/strong>","s2pn_2_heading_h3_Kopie":"Store Various File Types","s2pn_2_text_content_Kopie":"Our <a href=\"https:\/\/bau-master.com\/gb\/features\/construction-documentation-software\">construction documentation software<\/a> handles various file types and makes them easily accessible:\r\n<ul>\r\n \t<li><strong>Upload and store text documents<\/strong>, photos, and videos from construction sites<\/li>\r\n \t<li>Access files directly through your smartphone or tablet<\/li>\r\n \t<li>Find specific files quickly with our powerful <strong>globale search function<\/strong><\/li>\r\n<\/ul>","s2pn_2_bild_Kopie":31831,"s2pn_2_info_text_Kopie":"Sharing information on-site has never been so fast!","s2pn_3_heading_h3":"1. Schnell erfassen","s2pn_3_text_content":"","s2pn_3_bild":"","s2pn_3_info_text":""},"s3pn_cta_group":{"s3pn_cta_bild":"","s3pn_cta_titel_h2_n":"Streamline Your Construction Project Document Management with BauMaster!","s3pn_cta_3_punkt":"Ab sofort digitales Bautagebuch automatisch erstellen"},"spsn_produkt_stake":{"spsn_stake_heading_h2":"Incomplete Document Management Is Not An Option.","spsn_stake_liste":[{"spsn_stake_links":"Documents from different parties","spsn_stake_rechts":"Store documents centrally"},{"spsn_stake_links":"Information on different storage devices","spsn_stake_rechts":"Information accessible in the cloud"},{"spsn_stake_links":"Notes get lost","spsn_stake_rechts":"Notes are made available in real time"}]},"s4pn_warum_section":{"s4pn_blau_infobox_einblenden":"ja","s4pn_section_01_einblenden":"nein","s4pn_section_02_einblenden":"nein","s4pn_section_03_einblenden":"nein","s4pn_intro_heading_h2_n":"Benefits Of a Document Management Software For Construction","s4pn_intro_text":"Construction trades generate extensive documentation through plans, signatures, notes, photos, and reports - creating a <strong>large amount of data<\/strong>.\r\n\r\nSince this data is<strong> often interconnected<\/strong>, losing information between site and office can cause delays and errors. Poor document management makes records hard to access.","s4pn_bild_subinfo":"","s4pn_subinfo_text":"BauMaster brings order to your data collection, <strong>allowing you to deliver complete documentation to your client at project completion.<\/strong>","s4pn_1_section_heading_h3":"Wer muss das Bautagebuch f\u00fchren?","s4pn_1_section_info_text":"Das Bautagebuch f\u00fchrt der Architekt, Bauleiter oder Generalunternehmer, also derjenige, der das gesamte Baugeschehen koordiniert und im \u00dcberblick hat. Laut HOAI (Honorarordnung f\u00fcr Architekten) geh\u00f6rt die Dokumentation der Baustellenabl\u00e4ufe zu den Grundleistungen eines Architekten, der mit der Bau\u00fcberwachung betraut ist. Ziel ist es, die Entstehung des Bauwerkes mit allen Details nachvollziehbar zu machen.","s4pn_1_info_einblenden":"nein","s4pn_1_info_text":"","s4pn_2_section_heading_h3":"Wer muss das Bautagebuch f\u00fchren?","s4pn_2_section_info_text":"Das Bautagebuch f\u00fchrt der Architekt, Bauleiter oder Generalunternehmer, also derjenige, der das gesamte Baugeschehen koordiniert und im \u00dcberblick hat. Laut HOAI (Honorarordnung f\u00fcr Architekten) geh\u00f6rt die Dokumentation der Baustellenabl\u00e4ufe zu den Grundleistungen eines Architekten, der mit der Bau\u00fcberwachung betraut ist. Ziel ist es, die Entstehung des Bauwerkes mit allen Details nachvollziehbar zu machen.","s4pn_2_info_einblenden":"nein","s4pn_2_info_text":"","s4pn_3_section_heading_h3":"Wer muss das Bautagebuch f\u00fchren?","s4pn_3_section_info_text":"Das Bautagebuch f\u00fchrt der Architekt, Bauleiter oder Generalunternehmer, also derjenige, der das gesamte Baugeschehen koordiniert und im \u00dcberblick hat. Laut HOAI (Honorarordnung f\u00fcr Architekten) geh\u00f6rt die Dokumentation der Baustellenabl\u00e4ufe zu den Grundleistungen eines Architekten, der mit der Bau\u00fcberwachung betraut ist. Ziel ist es, die Entstehung des Bauwerkes mit allen Details nachvollziehbar zu machen.","s4pn_3_info_einblenden":"nein","s4pn_3_info_text":""},"s6pn_content_info_section":{"s6pn_content_einblenden":"ja","s6pn_content_info":"","s6pn_zusatzinfo_einblenden":"nein","s6pn_zusatzinfo":"","s6pn_content_info_extern":""},"s7pn_produkte_ubersicht":{"s7pn_produktubersicht_heading_h2_n":"Und des wir dann do a \u00dcberschrift, a h2 n\u00e4mlich.","27pn_produktubersicht_text":""},"s8pn_section_unten":{"s8pn_heading_h2_unten_n":"BauMaster: Your Smart Construction Document Management Software","s8pn_text_unten":"Digital construction document management offers <strong>comprehensive benefits throughout your project<\/strong>: from organized data and full traceability to faster communication and error prevention.\r\n\r\nNot sure if BauMaster fits your needs? <strong>Try our construction document management software<\/strong> free for 30 days and let us show you all the advantages - no obligations.","s8pn_infotext_unten":"BauMaster streamlines your document management, helping everyone involved focus on what matters most."}},"wpml_current_locale":"gb","wpml_translations":{"de":{"id":21297,"locale":"de","post_title":"Dokumentenverwaltung","permalink":"https:\/\/bau-master.com\/bausoftware\/dokumentenverwaltung\/","status":"publish"},"gb":{"id":32541,"locale":"gb","post_title":"Documents","permalink":"https:\/\/bau-master.com\/gb\/features\/construction-document-management-software\/","status":"publish"}},"wpml_trid":"21297","taxonomy_info":[],"featured_image_src_large":["https:\/\/bau-master.com\/hp\/wp-content\/uploads\/2025\/02\/construction-documentation-software_header-1024x1024.png",1024,1024,true],"author_info":{"display_name":"Gudrun Mertl","author_link":"https:\/\/bau-master.com\/gb\/baublog\/author\/gmbau-master-com\/"},"comment_info":"","_links":{"self":[{"href":"https:\/\/bau-master.com\/gb\/wp-json\/wp\/v2\/pages\/32541","targetHints":{"allow":["GET"]}}],"collection":[{"href":"https:\/\/bau-master.com\/gb\/wp-json\/wp\/v2\/pages"}],"about":[{"href":"https:\/\/bau-master.com\/gb\/wp-json\/wp\/v2\/types\/page"}],"author":[{"embeddable":true,"href":"https:\/\/bau-master.com\/gb\/wp-json\/wp\/v2\/users\/3"}],"replies":[{"embeddable":true,"href":"https:\/\/bau-master.com\/gb\/wp-json\/wp\/v2\/comments?post=32541"}],"version-history":[{"count":2,"href":"https:\/\/bau-master.com\/gb\/wp-json\/wp\/v2\/pages\/32541\/revisions"}],"predecessor-version":[{"id":33094,"href":"https:\/\/bau-master.com\/gb\/wp-json\/wp\/v2\/pages\/32541\/revisions\/33094"}],"up":[{"embeddable":true,"href":"https:\/\/bau-master.com\/gb\/wp-json\/wp\/v2\/pages\/32234"}],"wp:featuredmedia":[{"embeddable":true,"href":"https:\/\/bau-master.com\/gb\/wp-json\/wp\/v2\/media\/31337"}],"wp:attachment":[{"href":"https:\/\/bau-master.com\/gb\/wp-json\/wp\/v2\/media?parent=32541"}],"wp:term":[{"taxonomy":"hf_cat_page","embeddable":true,"href":"https:\/\/bau-master.com\/gb\/wp-json\/wp\/v2\/hf_cat_page?post=32541"}],"curies":[{"name":"wp","href":"https:\/\/api.w.org\/{rel}","templated":true}]}}