{"id":32549,"date":"2020-08-01T18:52:34","date_gmt":"2020-08-01T16:52:34","guid":{"rendered":"https:\/\/webstage.bau-master.com\/hp\/features\/construction-scheduling-software\/"},"modified":"2026-01-20T12:25:40","modified_gmt":"2026-01-20T11:25:40","slug":"construction-scheduling-software","status":"publish","type":"page","link":"https:\/\/bau-master.com\/gb\/features\/construction-scheduling-software\/","title":{"rendered":"Construction Scheduling Software"},"content":{"rendered":"","protected":false},"excerpt":{"rendered":"","protected":false},"author":1,"featured_media":31329,"parent":32234,"menu_order":0,"comment_status":"closed","ping_status":"closed","template":"","meta":{"_acf_changed":false,"_seopress_robots_primary_cat":"","_seopress_titles_title":"Construction Scheduling Software: Smart & Easy Coordination","_seopress_titles_desc":"Stay on track with construction scheduling software: \u2713 plan, edit & share easily \u2713 coordinate in real-time \u2713 Gantt view & more \u25ba Try BauMaster now! ","_seopress_robots_index":"","_kad_blocks_custom_css":"","_kad_blocks_head_custom_js":"","_kad_blocks_body_custom_js":"","_kad_blocks_footer_custom_js":"","footnotes":""},"hf_cat_page":[345],"class_list":["post-32549","page","type-page","status-publish","has-post-thumbnail","hentry"],"acf":{"global_faq_relationship_zuweisung":null,"g_schema_seo":"","s1pn_neu_header_produkte":{"s1pn_neu_header_title_h1_n":"Construction Scheduling Software: A Simple & Flexible Programme","s1pn_neu_header_text_top":"The planned construction process rarely coincides with actual conditions such as weather, delivery delays or breakdowns. Quick, <strong>flexible adjustments are required.<\/strong> ","s1pn_neu_header_text_unten":"With BauMaster as your construction scheduling software, you effortlessly master time scheduling and create <strong>clear construction process plans in no time.<\/strong>","s1pn_neu_header_app_image":""},"s2pn_1_2_3_section":{"s2pn_section_2_einblenden":"ja","s2pn_section_3_einblenden":"ja","s2pn_123_heading_h2_n":"Create Programmes quickly with the BauMaster construction scheduling software","s2pn_123_heading_subtext":"In contrast to a simple time schedule template, which has to be adapted again and again, <strong>using a construction project scheduling software<\/strong> is very clever and <a href=\"https:\/\/bau-master.com\/baublog\/bauzeitenplan\/\">saves a lot of time<\/a>. \n\nAll dates and tasks from the <a class=\"notion-link-token notion-focusable-token notion-enable-hover\" tabindex=\"0\" href=\"https:\/\/bau-master.com\/bausoftware\/bauprotokolle\" rel=\"noopener noreferrer\" data-token-index=\"1\"> daily site logs and protocols<\/a> are assigned to the responsible trades and displayed in the construction schedule with just a few clicks - without extra work. The construction scheduling software brings together all <span class=\"link-annotation-unknown-block-id-1699855721\">dates, deadlines, trades and tasks at the push of a button<\/span> and can also perform the target-actual comparison if desired. \n\n<span class=\"discussion-level-1 discussion-id-284b5f4b-9ce3-80e1-b43b-001caaffb6a5 notion-enable-hover\" data-token-index=\"3\"><!-- notionvc: 91518112-0c41-4ae5-a353-8490e6ff8f95 --><\/span><!-- notionvc: 05cbf72c-424a-42bf-ad94-b2f948bc3738 -->","s2pn_1_heading_h3":"1. Simple Creation","s2pn_1_text_content":"Information concerning the <strong>timing of construction work<\/strong> is recorded in the daily logs and reports.\n<ul>\n \t<li>Each log entry and subentry is assigned an expected completion date<\/li>\n \t<li>Add trades, people, priority and description<\/li>\n \t<li>You can filter the construction schedule by any of the details<\/li>\n \t<li>Import existing construction schedules from MS Project<!-- notionvc: b98f8bd1-46ef-4b06-889e-9a2029400052 --><\/li>\n \t<li><span class=\"discussion-level-1 discussion-id-284b5f4b-9ce3-80b8-90a8-001cbaebd268 notion-enable-hover\" data-token-index=\"0\">Entire construction schedules or sections, such as screed, can be copied as templates<\/span><!-- notionvc: 0af230b8-61fe-4567-8e2c-433413c7dd91 --><\/li>\n<\/ul>","s2pn_1_bild":31364,"s2pn_1_info_text":"All trades with their associated deadlines and tasks are displayed as a Gantt chart at the push of a button.","s2pn_2_heading_h3_Kopie":"2. Networking & Control","s2pn_2_text_content_Kopie":"All companies, trades and contact persons are visible in the<strong> Gantt chart<\/strong> from the start of construction to the completion date.\n<ul>\n \t<li>Quickly create tasks and move them via drag and drop<\/li>\n \t<li>Overview of open and completed tasks <span class=\"discussion-level-1 discussion-id-284b5f4b-9ce3-80b1-aa3b-001c7debeae0 notion-enable-hover\" data-token-index=\"0\"> including practical target-actual comparison <\/span><!-- notionvc: fed6f293-197b-419d-ae00-5c60ddbb88ba --><\/li>\n \t<li>Define construction phases, sections, milestones and dependencies<\/li>\n \t<li>Different colors for each trade for optimal overview<\/li>\n \t<li>Customize holidays and non-working days individually for each project<\/li>\n<\/ul>","s2pn_2_bild_Kopie":31365,"s2pn_2_info_text_Kopie":"Project managers can react flexibly to changes in the construction process with just a few clicks.","s2pn_3_heading_h3":"3. Print & Share Construction Schedules","s2pn_3_text_content":"The construction progress can be <strong>filtered by trade or deadlines and printed as a PDF<\/strong> or distributed by email.\n<ul>\n \t<li>Keep track of inspection and contract <span class=\"discussion-level-1 discussion-id-284b5f4b-9ce3-80bd-9aae-001c1d72cc2a notion-enable-hover\" data-token-index=\"0\"><!-- notionvc: a299c38e-4b3d-46b3-a39d-70548e3d0b89 --><\/span><\/li>\n \t<li>Various print sizes with your own logo<\/li>\n \t<li>Structuring and scheduling happens effortlessly on the side<\/li>\n \t<li><span class=\"discussion-level-1 discussion-id-284b5f4b-9ce3-8006-991d-001c42a0e2e2 notion-enable-hover\" data-token-index=\"0\">Invited team members are always up to date with the construction schedule<\/span><!-- notionvc: 506cf6b4-4aaa-427f-9118-5f8cfc2c5eec --><\/li>\n<\/ul>","s2pn_3_bild":31366,"s2pn_3_info_text":"Site managers, contractors and clients always have an up-to-date overview."},"s3pn_cta_group":{"s3pn_cta_bild":"","s3pn_cta_titel_h2_n":"How to Create Your Construction Schedule Fast and Clear","s3pn_cta_3_punkt":"Ab sofort voller \u00dcberblick \u00fcber alle Projekte"},"spsn_produkt_stake":{"spsn_stake_heading_h2":"Construction delays are costly. That\u00b4s Why You Should Prevent Them. ","spsn_stake_liste":[{"spsn_stake_links":"Trades cannot continue working","spsn_stake_rechts":"Smooth coordination"},{"spsn_stake_links":"Lack of overview and chaos","spsn_stake_rechts":"Efficient control of all projects"},{"spsn_stake_links":"Clients demand information about construction progress","spsn_stake_rechts":"Current status always available"}]},"s4pn_warum_section":{"s4pn_blau_infobox_einblenden":"ja","s4pn_section_01_einblenden":"ja","s4pn_section_02_einblenden":"ja","s4pn_section_03_einblenden":"ja","s4pn_intro_heading_h2_n":"What Does Construction Project Scheduling Software Do?","s4pn_intro_text":"\u201cIn project management, a schedule is a listing of a project's milestones, activities, and deliverables.\u201d (Source: <a href=\"https:\/\/en.wikipedia.org\/wiki\/Schedule_(project_management)\" target=\"_blank\" rel=\"noopener\">Wikipedia<\/a>).\n\nConstruction scheduling software simplifies the <strong>creation and monitoring<\/strong> of trades, ensuring smooth project flow and deadline compliance through Gantt charts with <strong>coloured bars<\/strong>.<br><strong>Effective coordination is crucial in construction<\/strong>. While Excel spreadsheets make tracking complex projects difficult and time-consuming, specialized software provides the right tools for the job.  ","s4pn_bild_subinfo":30545,"s4pn_subinfo_text":"<strong>Effective coordination is crucial in construction.<\/strong> While Excel spreadsheets make tracking complex projects difficult and time-consuming, specialized software provides the right tools for the job. ","s4pn_1_section_heading_h3":"bmhideme","s4pn_1_section_info_text":"Der Bauzeitenplan wird vom <strong><a href=\"https:\/\/bau-master.com\/fuer-wen\/architekten\/\">Architekten<\/a> oder <a href=\"https:\/\/bau-master.com\/fuer-wen\/bauleiter\/\">Bauleiter<\/a><\/strong> erstellt, also von demjenigen, der die Projektleitung bzw. <a href=\"https:\/\/bau-master.com\/bausoftware\/bauueberwachung\/\">Bau\u00fcberwachung <\/a>\u00fcbernimmt. Sie steuern alle Gewerke zeitlich, organisieren das gesamte Bauvorhaben und sind dabei f\u00fcr Zeit, Kosten und die Qualit\u00e4t der Ausf\u00fchrung verantwortlich.","s4pn_1_info_einblenden":"ja","s4pn_1_info_text":"bmhideme","s4pn_2_section_heading_h3":"bmhideme","s4pn_2_section_info_text":"<strong>bmhideme<\/strong>  ","s4pn_2_info_einblenden":"ja","s4pn_2_info_text":"<strong>bmhideme<\/strong>","s4pn_3_section_heading_h3":"Professional construction app or Excel?","s4pn_3_section_info_text":"Spreadsheets such as MS Excel are no longer suitable due to the increasing complexity of construction projects. Even project management tools such as MS Project are only suitable to a limited extent because they are complicated to use and were <strong>not designed for the construction industry.<\/strong> ","s4pn_3_info_einblenden":"nein","s4pn_3_info_text":""},"s6pn_content_info_section":{"s6pn_content_einblenden":"ja","s6pn_content_info":"<h2>Advantages Of The BauMaster Scheduling Software For Construction<\/h2>\nThe construction schedule is one of the most important instruments for steering a construction project. It is essential that the information is reliable and always up-to-date. That is why it is worth using a construction scheduling software.  \n<ul>\n \t<li><strong>Automatic creation<\/strong> of the construction schedule<\/li>\n \t<li>Always up-to-date with just a few clicks and practical functions, such as target-actual comparison<!-- notionvc: 596bf5ce-2c87-4777-9e42-dd1979cd2e4a --><\/li>\n \t<li><strong>More flexible and faster<\/strong> than Excel and easier to use than MS Project<\/li>\n \t<li>Efficient <a href=\"https:\/\/bau-master.com\/\">construction management<\/a> through additional helpful functions<\/li>\n \t<li><strong>Easy distribution<\/strong> to stakeholders as a PDF from the app<\/li>\n \t<li>Whether on-site or in the office, real-time information exchange thanks to <strong>cloud storage<\/strong><\/li>\n \t<li><strong>No media disruptions<\/strong>, as communication takes place via a central platform<\/li>\n<\/ul>","s6pn_zusatzinfo_einblenden":"ja","s6pn_zusatzinfo":"<strong>PRACTICE TIP:<\/strong> The use of <a href=\"https:\/\/bau-master.com\/bausoftware\/bauueberwachung\/\">construction schedule software <\/a>makes construction management and construction monitoring much easier. <strong>Site managers<\/strong> have more time for the actual activities and save valuable resources when it comes to documentation.<br>","s6pn_content_info_extern":""},"s7pn_produkte_ubersicht":{"s7pn_produktubersicht_heading_h2_n":"bmhideme","27pn_produktubersicht_text":"<a href=\"https:\/\/bau-master.com\/baublog\/bausoftware\/\"><strong>bmhideme<\/strong><\/a>\n\n<strong>bmhideme<\/strong> bmhideme  \n\n<strong>bmhideme<\/strong>"},"s8pn_section_unten":{"s8pn_heading_h2_unten_n":"3 Steps to Start Using Construction Schedule Software","s8pn_text_unten":"Are you looking for a suitable tool for your scheduling and project management?\n<ol>\n \t<li>Arrange a <a href=\"https:\/\/bau-master.com\/online-demo-vereinbaren\/\" target=\"_blank\" rel=\"noopener\">Book a personal demo<\/a> now and get to know BauMaster.<\/li>\n \t<li>We are available to answer all your questions and <strong>provide comprehensive advice.<\/strong><\/li>\n \t<li>Enjoy a complete project overview with the BauMaster construction scheduling software.<\/li>\n<\/ol>","s8pn_infotext_unten":"bmhideme <a href=\"https:\/\/bau-master.com\/baublog\/bauzeitenplan\/\" target=\"_blank\" rel=\"noopener noreferrer\">wortmilinktext<\/a>"}},"wpml_current_locale":"gb","wpml_translations":{"de":{"id":1539,"locale":"de","post_title":"Bauzeitenplan","permalink":"https:\/\/bau-master.com\/bausoftware\/bauzeitenplan\/","status":"publish"},"gb":{"id":32549,"locale":"gb","post_title":"Construction Scheduling Software","permalink":"https:\/\/bau-master.com\/gb\/features\/construction-scheduling-software\/","status":"publish"}},"wpml_trid":"1539","taxonomy_info":[],"featured_image_src_large":["https:\/\/bau-master.com\/hp\/wp-content\/uploads\/2025\/02\/construction-scheduling-software_header-1024x1024.png",1024,1024,true],"author_info":{"display_name":"admin","author_link":"https:\/\/bau-master.com\/gb\/baublog\/author\/bmwp\/"},"comment_info":"","_links":{"self":[{"href":"https:\/\/bau-master.com\/gb\/wp-json\/wp\/v2\/pages\/32549","targetHints":{"allow":["GET"]}}],"collection":[{"href":"https:\/\/bau-master.com\/gb\/wp-json\/wp\/v2\/pages"}],"about":[{"href":"https:\/\/bau-master.com\/gb\/wp-json\/wp\/v2\/types\/page"}],"author":[{"embeddable":true,"href":"https:\/\/bau-master.com\/gb\/wp-json\/wp\/v2\/users\/1"}],"replies":[{"embeddable":true,"href":"https:\/\/bau-master.com\/gb\/wp-json\/wp\/v2\/comments?post=32549"}],"version-history":[{"count":4,"href":"https:\/\/bau-master.com\/gb\/wp-json\/wp\/v2\/pages\/32549\/revisions"}],"predecessor-version":[{"id":34979,"href":"https:\/\/bau-master.com\/gb\/wp-json\/wp\/v2\/pages\/32549\/revisions\/34979"}],"up":[{"embeddable":true,"href":"https:\/\/bau-master.com\/gb\/wp-json\/wp\/v2\/pages\/32234"}],"wp:featuredmedia":[{"embeddable":true,"href":"https:\/\/bau-master.com\/gb\/wp-json\/wp\/v2\/media\/31329"}],"wp:attachment":[{"href":"https:\/\/bau-master.com\/gb\/wp-json\/wp\/v2\/media?parent=32549"}],"wp:term":[{"taxonomy":"hf_cat_page","embeddable":true,"href":"https:\/\/bau-master.com\/gb\/wp-json\/wp\/v2\/hf_cat_page?post=32549"}],"curies":[{"name":"wp","href":"https:\/\/api.w.org\/{rel}","templated":true}]}}