{"id":32557,"date":"2020-08-03T07:39:02","date_gmt":"2020-08-03T05:39:02","guid":{"rendered":"https:\/\/webstage.bau-master.com\/hp\/features\/construction-inspection-software\/"},"modified":"2026-01-08T21:40:13","modified_gmt":"2026-01-08T20:40:13","slug":"construction-inspection-software","status":"publish","type":"page","link":"https:\/\/bau-master.com\/gb\/features\/construction-inspection-software\/","title":{"rendered":"Construction Inspection"},"content":{"rendered":"","protected":false},"excerpt":{"rendered":"","protected":false},"author":1,"featured_media":31334,"parent":32234,"menu_order":0,"comment_status":"closed","ping_status":"closed","template":"","meta":{"_acf_changed":false,"_seopress_robots_primary_cat":"","_seopress_titles_title":"Construction Inspection Software: Fast & Compliant","_seopress_titles_desc":"Ensure smooth approvals with construction inspection software & app: \u2713 legally compliant documentation \u2713 quick & easy to use \u25ba Try BauMaster now!","_seopress_robots_index":"","_kad_blocks_custom_css":"","_kad_blocks_head_custom_js":"","_kad_blocks_body_custom_js":"","_kad_blocks_footer_custom_js":"","footnotes":""},"hf_cat_page":[345],"class_list":["post-32557","page","type-page","status-publish","has-post-thumbnail","hentry"],"acf":{"global_faq_relationship_zuweisung":null,"g_schema_seo":"","s1pn_neu_header_produkte":{"s1pn_neu_header_title_h1_n":"Construction Inspection Software: Complete, Legally Compliant Approvals","s1pn_neu_header_text_top":"Once the acceptance protocol is signed, the burden of proof shifts to the client, making a <strong>detailed inspection protocol essential.<\/strong>","s1pn_neu_header_text_unten":"With BauMaster as your construction inspection software and app, you can document your inspections and final acceptances in a legally compliant and thorough manner.","s1pn_neu_header_app_image":""},"s2pn_1_2_3_section":{"s2pn_section_2_einblenden":"ja","s2pn_section_3_einblenden":"ja","s2pn_123_heading_h2_n":"Using Our Construction Site Inspection Software","s2pn_123_heading_subtext":"BauMaster documents your construction acceptances quickly and in a legally secure method. With our construction and building inspection software, you can create a complete protocol in no time at all, <strong>during the inspection on-site<\/strong>. If a snagging list or <a href=\"https:\/\/bau-master.com\/gb\/features\/construction-defect-management-software\">defects report<\/a> from a previous construction inspection is already available, the process is even faster: You can simply adopt existing entries.\r\n\r\nThis means that you are not only well-prepared for your meeting with clients, but you also <strong>save a lot of time on follow-up work<\/strong>!","s2pn_1_heading_h3":"1. Preparing for Final Inspection and Acceptance","s2pn_1_text_content":"The <strong>flexible protocol templates<\/strong> help to thoroughly prepare for the official acceptance. This speeds up the on-site appointment:\r\n<ul>\r\n \t<li>Select the protocol template and customise as needed.<\/li>\r\n \t<li>Customize header and footer for each protocol<\/li>\r\n \t<li>Simply transfer known defects\/open points.<\/li>\r\n \t<li>For partial acceptances: directly copy existing protocols.<\/li>\r\n<\/ul>","s2pn_1_bild":31382,"s2pn_1_info_text":"Thanks to the construction inspection app, you are fully prepared for this important appointment.","s2pn_2_heading_h3_Kopie":"2. Complete the Construction Acceptance Report","s2pn_2_text_content_Kopie":"During the acceptance, snags, new tasks, objections from the construction company, etc. are <strong>documented via mobile app.<\/strong>\r\n<ul>\r\n \t<li>Describe snags in detail, including photos, company, trade and residential unit.<\/li>\r\n \t<li>Clarify further details via sub-entries (e.g. if a task affects different companies).<\/li>\r\n \t<li>The comment feature for each entry creates transparent communication.<\/li>\r\n \t<li>Assign tasks for remedying defects to the relevant trade and set a deadline. The traffic light function can be used to monitor these tasks.<\/li>\r\n<\/ul>","s2pn_2_bild_Kopie":31383,"s2pn_2_info_text_Kopie":"A detailed construction acceptance report prevents misunderstandings at a later stage.","s2pn_3_heading_h3":"3. Complete Documentation and Tracking","s2pn_3_text_content":"Your acceptance report is stored securely in the <a href=\"https:\/\/bau-master.com\/gb\/features\/digital-construction-software\">digital construction file<\/a> and can be accessed at any time with just a few taps. After completion and <strong>digital signature,<\/strong> all parties involved receive the<strong> PDF report by email.<\/strong>\r\n<ul>\r\n \t<li>The task overview shows all open points.<\/li>\r\n \t<li>The start of the warranty period is clearly documented.<\/li>\r\n \t<li>All work is recorded in detail thanks to the practical <a href=\"https:\/\/bau-master.com\/gb\/features\/construction-photo-documentation-software\">photo documentation.<\/a><\/li>\r\n \t<li>Not only the acceptance of the construction work, but the entire <a href=\"https:\/\/bau-master.com\/gb\/features\/construction-documentation-software\">construction documentatio<\/a>n can be handed over to the client on request.<\/li>\r\n<\/ul>","s2pn_3_bild":31384,"s2pn_3_info_text":"Even years later, all stored site protocols, photos and documents can be quickly retrieved."},"s3pn_cta_group":{"s3pn_cta_bild":"","s3pn_cta_titel_h2_n":"Set Up Your Professional Construction Monitoring Software in 3 Simple Steps","s3pn_cta_3_punkt":"Ab sofort perfekt dokumentiert bauen"},"spsn_produkt_stake":{"spsn_stake_heading_h2":"Paper-based construction acceptance reports are time-consuming and inefficient. It's time for a better solution.  ","spsn_stake_liste":[{"spsn_stake_links":"Time-consuming logging on paper","spsn_stake_rechts":"Professional PDF protocol"},{"spsn_stake_links":"Incomplete documentation","spsn_stake_rechts":"Secure proof of warranty"},{"spsn_stake_links":"Conflicts between client and contractor","spsn_stake_rechts":"Avoid disputes"}]},"s4pn_warum_section":{"s4pn_blau_infobox_einblenden":"ja","s4pn_section_01_einblenden":"ja","s4pn_section_02_einblenden":"ja","s4pn_section_03_einblenden":"ja","s4pn_intro_heading_h2_n":"Benefits of Construction Inspection Software","s4pn_intro_text":"&nbsp;\r\n\r\nThe acceptance of construction work has far-reaching consequences. If you don't document everything, you'll be confronted with numerous complaints and disputes later on. However, since <strong>proper documentation requires a lot of effort<\/strong>, it's particularly worthwhile to use a construction inspection software &amp; app.","s4pn_bild_subinfo":30442,"s4pn_subinfo_text":"<strong>bmhideme<\/strong>","s4pn_1_section_heading_h3":"bmhideme","s4pn_1_section_info_text":"<span class=\"notion-enable-hover\" data-token-index=\"1\" data-reactroot=\"\"><strong>bmhideme<\/strong><\/span>","s4pn_1_info_einblenden":"ja","s4pn_1_info_text":"<strong>bmhideme<\/strong>","s4pn_2_section_heading_h3":"What are the Warranty Implications of Building Acceptance?","s4pn_2_section_info_text":"The client <strong>must immediately prove<\/strong> that the contractor is responsible for any faults that occur later. The normal warranty period in Austria is 3 years, in Germany 5 years.","s4pn_2_info_einblenden":"ja","s4pn_2_info_text":"A construction site inspection app provides you with <span class=\"notion-enable-hover\" data-token-index=\"1\" data-reactroot=\"\">legally secure evidence for the <a href=\"https:\/\/bau-master.com\/gb\/features\/construction-defect-management-software\/\">notice of defect<\/a><\/span>.","s4pn_3_section_heading_h3":"The special case of property developers","s4pn_3_section_info_text":"If there is a <a href=\"https:\/\/bau-master.com\/gb\/industries\/general-contractor-software\">general contractor<\/a> or<a href=\"https:\/\/bau-master.com\/gb\/industries\/property-development-software\"> property developer,<\/a> then about 2 to 4 weeks before the final acceptance, there is usually a preliminary acceptance with the client and the executing trades.<strong> This leaves time to rectify any faults.<\/strong>","s4pn_3_info_einblenden":"ja","s4pn_3_info_text":"As a property developer, you often have to deal with <strong>numerous acceptances at the same time. <\/strong>A construction inspection software saves a lot of duplicate work!"},"s6pn_content_info_section":{"s6pn_content_einblenden":"ja","s6pn_content_info":"<h2>Benefits of Construction Inspection Software &amp; Apps<\/h2>\r\nThe construction acceptance protocol documents the <strong>formal acceptance, records significant defects and includes relevant information. <\/strong>If necessary, a new acceptance date will be arranged if further defects have occurred or have not yet been satisfactorily remedied. Time is of the essence on the construction site, so everything has to happen quickly.\r\n\r\n<strong>This is where the advantages of a construction inspection software come into play:<\/strong>\r\n<ul>\r\n \t<li><strong>Perfect preparation: <\/strong>record open points in advance in the acceptance protocol.<\/li>\r\n \t<li><strong>Fast and thorough documentation:<\/strong> record all agreements directly during the inspection with photos, notes or voice recordings.<\/li>\r\n \t<li><strong>Easy post-processing: <\/strong>complete protocol entries and send PDF protocol to all parties involved.<\/li>\r\n \t<li><strong>Fast retrieval:<\/strong> create a well-organised digital project folder with a global search and filter function.<\/li>\r\n \t<li><strong>Access at any time: <\/strong>even years later, you can retrieve all details at the push of a button.<\/li>\r\n<\/ul>\r\nComplete documentation helps prevent disputes and legal issues. Use BauMaster's <a href=\"https:\/\/bau-master.com\/gb\/features\/construction-scheduling-software\">construction inspection<\/a> app<strong> to ensure your documentation<\/strong> is legally compliant.","s6pn_zusatzinfo_einblenden":"ja","s6pn_zusatzinfo":"<strong>PRACTICE TIP:<\/strong> All participants in the construction inspection should be named in the protocol. <strong>Under no circumstances should you create different protocols<\/strong> (on the part of the client and the contractor). This could lead to misunderstandings.","s6pn_content_info_extern":""},"s7pn_produkte_ubersicht":{"s7pn_produktubersicht_heading_h2_n":"Und des wir dann do a \u00dcberschrift, a h2 n\u00e4mlich.","27pn_produktubersicht_text":"Aus seiner langj\u00e4hrigen Erfahrung am Bau wei\u00df Bmst. Walter F\u00fcrthauer, wie wichtig es ist, <strong>von Anfang an gut miteinander zu kommunizieren<\/strong>. Das trifft nicht nur f\u00fcr die <a href=\"https:\/\/bau-master.com\/gb\/industries\/site-manager-software\">Bauleitung<\/a> und deren Auftragnehmer zu, sondern auch f\u00fcr Bauherr und <a href=\"https:\/\/bau-master.com\/gb\/industries\/general-contractor-software\">Bauunternehmer<\/a>.\r\n\r\nDas beginnt mit einem <strong>gut durchdachten Bauvertrag und genau formulierten Zielvorgaben<\/strong> f\u00fcr das Bauprojekt. \u00c4nderungen sind in der Regel kein Problem, wenn alles gut ausgeredet wird.\r\n\r\nWenn \u00fcber die gesamte Bauphase alles gut kommuniziert und dokumentiert wird, <strong>dann ist die Bauabnahme der kr\u00f6nende Abschluss eines erfolgreichen, gemeinsamen Projektes<\/strong>! Das ist der Grundgedanke von Gr\u00fcnder Walter F\u00fcrthauer, der hinter BauMaster steht:"},"s8pn_section_unten":{"s8pn_heading_h2_unten_n":"Would Construction Inspection Software Benefit My Company?","s8pn_text_unten":"While some hesitate to switch to mobile documentation, even <strong>smaller companies<\/strong> benefit from construction inspection software, as it provides legal security against costly disputes.\r\n\r\nReady to explore BauMaster? <strong>Try the software for free<\/strong> with our full support throughout the process.","s8pn_infotext_unten":"BauMaster keeps all important construction details secure in your acceptance protocol, ensuring legal compliance."}},"wpml_current_locale":"gb","wpml_translations":{"de":{"id":1792,"locale":"de","post_title":"Bauabnahmeprotokoll","permalink":"https:\/\/bau-master.com\/bausoftware\/bauabnahmeprotokoll\/","status":"publish"},"gb":{"id":32557,"locale":"gb","post_title":"Construction Inspection","permalink":"https:\/\/bau-master.com\/gb\/features\/construction-inspection-software\/","status":"publish"}},"wpml_trid":"1792","taxonomy_info":[],"featured_image_src_large":["https:\/\/bau-master.com\/hp\/wp-content\/uploads\/2025\/02\/construction-inspection-software_header-1024x1024.png",1024,1024,true],"author_info":{"display_name":"admin","author_link":"https:\/\/bau-master.com\/gb\/baublog\/author\/bmwp\/"},"comment_info":"","_links":{"self":[{"href":"https:\/\/bau-master.com\/gb\/wp-json\/wp\/v2\/pages\/32557","targetHints":{"allow":["GET"]}}],"collection":[{"href":"https:\/\/bau-master.com\/gb\/wp-json\/wp\/v2\/pages"}],"about":[{"href":"https:\/\/bau-master.com\/gb\/wp-json\/wp\/v2\/types\/page"}],"author":[{"embeddable":true,"href":"https:\/\/bau-master.com\/gb\/wp-json\/wp\/v2\/users\/1"}],"replies":[{"embeddable":true,"href":"https:\/\/bau-master.com\/gb\/wp-json\/wp\/v2\/comments?post=32557"}],"version-history":[{"count":2,"href":"https:\/\/bau-master.com\/gb\/wp-json\/wp\/v2\/pages\/32557\/revisions"}],"predecessor-version":[{"id":33426,"href":"https:\/\/bau-master.com\/gb\/wp-json\/wp\/v2\/pages\/32557\/revisions\/33426"}],"up":[{"embeddable":true,"href":"https:\/\/bau-master.com\/gb\/wp-json\/wp\/v2\/pages\/32234"}],"wp:featuredmedia":[{"embeddable":true,"href":"https:\/\/bau-master.com\/gb\/wp-json\/wp\/v2\/media\/31334"}],"wp:attachment":[{"href":"https:\/\/bau-master.com\/gb\/wp-json\/wp\/v2\/media?parent=32557"}],"wp:term":[{"taxonomy":"hf_cat_page","embeddable":true,"href":"https:\/\/bau-master.com\/gb\/wp-json\/wp\/v2\/hf_cat_page?post=32557"}],"curies":[{"name":"wp","href":"https:\/\/api.w.org\/{rel}","templated":true}]}}