{"id":32564,"date":"2021-03-13T16:27:14","date_gmt":"2021-03-13T15:27:14","guid":{"rendered":"https:\/\/webstage.bau-master.com\/hp\/features\/construction-monitoring-software\/"},"modified":"2026-01-08T21:40:15","modified_gmt":"2026-01-08T20:40:15","slug":"construction-monitoring-software","status":"publish","type":"page","link":"https:\/\/bau-master.com\/gb\/features\/construction-monitoring-software\/","title":{"rendered":"Construction Monitoring"},"content":{"rendered":"","protected":false},"excerpt":{"rendered":"","protected":false},"author":3,"featured_media":31338,"parent":32234,"menu_order":0,"comment_status":"closed","ping_status":"closed","template":"","meta":{"_acf_changed":false,"_seopress_robots_primary_cat":"","_seopress_titles_title":"Construction Monitoring Software & App","_seopress_titles_desc":"Stay ahead of your projects with construction monitoring software: \u2713 scalable \u2713 real-time tracking \u2713 stay on budget & schedule \u25ba Try BauMaster now!","_seopress_robots_index":"","_kad_blocks_custom_css":"","_kad_blocks_head_custom_js":"","_kad_blocks_body_custom_js":"","_kad_blocks_footer_custom_js":"","footnotes":""},"hf_cat_page":[345],"class_list":["post-32564","page","type-page","status-publish","has-post-thumbnail","hentry"],"acf":{"g_schema_seo":"","s1pn_neu_header_produkte":{"s1pn_neu_header_title_h1_n":"Construction Monitoring Software & App: Professional Quality Assurance","s1pn_neu_header_text_top":"As a construction <strong>supervisor, you need a great deal of organisational talent<\/strong> to ensure that the work is carried out in accordance with the contract. Simplify your work \u2013 with a construction monitoring software.","s1pn_neu_header_text_unten":"BauMaster combines all the requirements of professional construction supervision<strong> in one app.<\/strong>","s1pn_neu_header_app_image":""},"s2pn_1_2_3_section":{"s2pn_section_2_einblenden":"ja","s2pn_section_3_einblenden":"ja","s2pn_123_heading_h2_n":"Using Construction Monitoring Software to Supervise Projects","s2pn_123_heading_subtext":"Construction monitoring is often <strong>the responsibility of the <a href=\"https:\/\/bau-master.com\/gb\/industries\/site-manager-software\/\">site manager<\/a> or the <a href=\"https:\/\/bau-master.com\/gb\/industries\/general-contractor-software\/\">general contractor<\/a><\/strong>. Keeping an eye on quality, time and costs, acting as a point of contact for everyone and documenting construction site events \u2013 such administrative tasks can be time-consuming. This is where a construction monitoring app like BauMaster comes into play.\r\n\r\nIt <strong>provides support for diverse tasks associated with construction monitoring<\/strong>, such as...\r\n<ul>\r\n \t<li>Monitoring the<strong> time frame<\/strong> <a href=\"https:\/\/bau-master.com\/gb\/features\/construction-scheduling-software\/\">(construction schedule)<\/a><\/li>\r\n \t<li>Tracking<strong> additional and reduced costs<\/strong> <a href=\"https:\/\/bau-master.com\/gb\/features\/construction-cost-management-software\">(construction cost management)<\/a><\/li>\r\n \t<li><strong>Quality control<\/strong><a href=\"https:\/\/bau-master.com\/gb\/features\/construction-defect-management-software\"> (construction defect management)<\/a><\/li>\r\n \t<li><strong>Communication <\/strong>with project participants <a href=\"https:\/\/bau-master.com\/gb\/features\/construction-collaboration-software\">(collaboration)<\/a><\/li>\r\n \t<li><strong>Documentation<\/strong> (<a href=\"https:\/\/bau-master.com\/gb\/features\/site-diary\">construction site diary <\/a>and <a href=\"https:\/\/bau-master.com\/gb\/features\/construction-daily-log-software\">site protocols)<\/a><\/li>\r\n<\/ul>\r\nThe key benefit: you can work anywhere using a smartphone, tablet or PC. This means your <strong>digital construction assistant is always at hand,<\/strong> helping you stay organized and reduce stress.","s2pn_1_heading_h3":"Ongoing Construction Monitoring","s2pn_1_text_content":"On a construction site,<strong> high-quality execution is essential<\/strong>. Seamless digital construction monitoring avoids defects and consequential damage.\r\n<ul>\r\n \t<li><strong>BauMaster dashboard: <\/strong>instant updates and key information at your fingertips<\/li>\r\n \t<li>Streamlined programme for effective deadline tracking<\/li>\r\n \t<li>Simple traffic light status system to monitor task status and defect resolution<\/li>\r\n \t<li>Clear work instructions with plan annotations, photos, and detailed specifications<\/li>\r\n<\/ul>","s2pn_1_bild":31376,"s2pn_1_info_text":"Contractors see their tasks and deadlines at a glance, while supervisors track everything through the dashboard.","s2pn_2_heading_h3_Kopie":"Communication With Contractors","s2pn_2_text_content_Kopie":"<strong>All communication<\/strong> is handled through the construction monitoring software. You can create as many companies as you like in the <strong>clear and concise contact management system.<\/strong>\r\n<ul>\r\n \t<li>All partners, subcontractors and tradespeople with contact details in one place (\u2018<a href=\"https:\/\/bau-master.com\/gb\/features\/construction-crm\">construction CRM<\/a>\u2019)<\/li>\r\n \t<li>Invite contacts to work together on the project<\/li>\r\n \t<li>Search for open tasks and filter them by trades<\/li>\r\n<\/ul>","s2pn_2_bild_Kopie":31377,"s2pn_2_info_text_Kopie":"<span class=\"notion-enable-hover\" data-token-index=\"0\">Once created, contacts can be selected for any new project.<\/span>","s2pn_3_heading_h3":"Legally Verifiable Documentation","s2pn_3_text_content":"For legal protection, thorough <a href=\"https:\/\/bau-master.com\/gb\/features\/construction-documentation-software\/\">construction documentation <\/a>is essential. Create your documentation <strong>quickly and easily<\/strong> using the app directly on-site:\r\n<ul>\r\n \t<li><strong>Various protocol and report<\/strong> templates for all the requirements of everyday construction work<\/li>\r\n \t<li>Express input for creating similar tasks<\/li>\r\n \t<li>Speech-to-text function and voice memos for quick recording on the construction site<\/li>\r\n \t<li>Easily created, neat <a href=\"https:\/\/bau-master.com\/gb\/features\/construction-photo-documentation-software\">photo documentation<\/a><\/li>\r\n<\/ul>","s2pn_3_bild":31378,"s2pn_3_info_text":"All documents and photos end up in the project folder and can be quickly found using the <a href=\"https:\/\/bau-master.com\/gb\/features\/search-and-filter\">search and filter feature.<\/a>"},"s3pn_cta_group":{"s3pn_cta_bild":"","s3pn_cta_titel_h2_n":"Set Up Your Professional Construction Monitoring Software in 3 Simple Steps","s3pn_cta_3_punkt":"Ab sofort digitales Bautagebuch automatisch erstellen"},"spsn_produkt_stake":{"spsn_stake_heading_h2":"Without Proper Organization, Construction Supervision Falls Into Chaos. That's Why Action is Essential. ","spsn_stake_liste":[{"spsn_stake_links":"Open tasks of many different trades","spsn_stake_rechts":"Dashboard with a quick overview"},{"spsn_stake_links":"WhatsApp messages not in the project ","spsn_stake_rechts":"GDPR-compliant, verifiable communication"},{"spsn_stake_links":"Lack of control and repeated urging","spsn_stake_rechts":"Clear distribution of tasks and full control"}]},"s4pn_warum_section":{"s4pn_blau_infobox_einblenden":"ja","s4pn_section_01_einblenden":"nein","s4pn_section_02_einblenden":"nein","s4pn_section_03_einblenden":"nein","s4pn_intro_heading_h2_n":"Why Use Construction Monitoring Software?","s4pn_intro_text":"Every construction project is unique with different requirements and conditions. <strong>This can make on-site construction supervision very complex<\/strong>. The quality must meet the contract and comply with recognised rules of technology, standards and regulations, delays must be avoided, and much more.\r\n\r\nThe situation becomes increasingly chaotic when this <strong>already difficult task<\/strong> is further complicated by a lack of overview, chaotic communication (verbal, paper, telephone, SMS\/WhatsApp, e-mail, Word\/Excel, photos, etc.) and laborious manual documentation.\r\n\r\nAn easy-to-use construction project monitoring software, on the other hand, ensures ...\r\n<ul>\r\n \t<li><strong>a transparent construction process,<\/strong><\/li>\r\n \t<li><strong>clear communication channels<\/strong><\/li>\r\n \t<li>and<strong> traceable daily construction documentation.<\/strong><\/li>\r\n<\/ul>\r\nThis way, you can master your daily routine as a construction supervisor without stress or headaches. Not only does construction supervision software help you, but it also strengthens your relationship with your clients. Digital construction supervision is becoming a\r\n<strong>quality feature and ensures competitiveness.<\/strong>","s4pn_bild_subinfo":30545,"s4pn_subinfo_text":"<a href=\"https:\/\/bau-master.com\/hp\/baublog\/bauuberwachung\/\">bmhideme<\/a>","s4pn_1_section_heading_h3":"Wer \u00fcbernimmt die Bau\u00fcberwachung?","s4pn_1_section_info_text":"<strong>Bauleitende <a href=\"https:\/\/www.bau-master.com\/fuer-wen\/architekten\">Architekten,<\/a> <a href=\"https:\/\/www.bau-master.com\/fuer-wen\/bauleiter\">Bauleiter<\/a> und <a href=\"https:\/\/www.bau-master.com\/fuer-wen\/bautraeger\">Bautr\u00e4ger<\/a> sind verpflichtet,<\/strong> den Fortschritt kontinuierlich zu kontrollieren und bei Abweichungen unverz\u00fcglich einzugreifen. In der \u201cHonorarordnung f\u00fcr Architekten und Ingenieure\u201d (<a href=\"https:\/\/bau-master.com\/hp\/baublog\/hoai-leistungsphasen\/\" target=\"_blank\" rel=\"noopener\">HOAI<\/a>) ist die <a href=\"https:\/\/bau-master.com\/hp\/baublog\/bauuberwachung\/\">Objekt\u00fcberwachung bzw. Bau\u00fcberwachung<\/a> in der Leistungsphase 8 festgelegt.","s4pn_1_info_einblenden":"ja","s4pn_1_info_text":"Umfang und Intensit\u00e4t der \u00dcberwachungspflicht sind in der <a href=\"https:\/\/www.baunetz.de\/recht\/Haftung_Lph_8-9_ueberwachungspflichten_40635.html\">Leistungsphase 8<\/a> weder sachlich noch zeitlich genauer bestimmt. Der Architekt muss nicht st\u00e4ndig auf der Baustelle anwesend sein. <strong>Er muss jedoch sicherstellen, dass Anweisungen erledigt werden.<\/strong>\r\n\r\nAlle Details lesen Sie im Ratgeber \"<strong><a href=\"https:\/\/bau-master.com\/hp\/baublog\/bauuberwachung\/\">Bau\u00fcberwachung &amp; Objekt\u00fcberwachung: Antworten auf die wichtigsten Fragen<\/a><\/strong>\".","s4pn_2_section_heading_h3":"Was macht die \u00d6rtliche Bauaufsicht?","s4pn_2_section_info_text":"In \u00d6sterreich gibt es den Begriff der <strong>\u00d6rtlichen Bauaufsicht<\/strong>. Sie umfasst alle Leistungen der Bau\u00fcberwachung und Koordination<strong>.<\/strong> Damit auch \u00dcbernahmen\/ Abnahmen, M\u00e4ngelfeststellung und \u2013bearbeitung, sowie die <strong>Kosten- und Terminverfolgung<\/strong> und nat\u00fcrlich die <a href=\"https:\/\/bau-master.com\/gb\/features\/construction-documentation-software\/\">Baudokumentation<\/a>. Damit also wie Eingehens beschrieben die gesamte Projektsteuerung.","s4pn_2_info_einblenden":"ja","s4pn_2_info_text":"Die Bauaufsicht handelt im Auftrag und im Interesse des Bauherrn. Um Interessenskonflikte mit Bauleitern der ausf\u00fchrenden Firmen zu vermeiden,<strong> hilft eine genaue Abgrenzung der vertraglichen Leistungen.<\/strong>","s4pn_3_section_heading_h3":"Was kostet ein Bau\u00fcberwacher?","s4pn_3_section_info_text":"Das h\u00e4ngt von den vereinbarten Leistungen im Bauvertrag ab. Grunds\u00e4tzlich sind die <strong>Organisation und Steuerung einer Baustelle<\/strong> effizienter und gr\u00fcndlicher durchf\u00fchrbar mit Einsatz einer <a href=\"https:\/\/bau-master.com\/gb\/pricing\">Bauprojektmanagement Software<\/a>. Denn kommunizieren und dokumentieren \u00fcber eine zentrale Plattform spart viel Zeit und <strong>hilft bei der M\u00e4ngelvermeidung<\/strong>. Die gesamte Dokumentation kann dem Auftraggeber auf Wunsch ausgeh\u00e4ndigt werden.","s4pn_3_info_einblenden":"ja","s4pn_3_info_text":"Digitale Bau\u00fcberwachung und Dokumentation entwickeln sich zu einem <strong>Qualit\u00e4tsmerkmal und sichern so die Wettbewerbsf\u00e4higkeit.<\/strong>"},"s6pn_content_info_section":{"s6pn_content_einblenden":"ja","s6pn_content_info":"<h2>Simplify Construction Supervision with BauMaster<\/h2>\r\nA construction supervisor's activities range <strong>from coordination and organisation to the control of construction work<\/strong>. Although these vary depending on the size of the project and your contract terms, construction supervision basically includes any task that guarantees the smooth running of a project. That's why you shouldn't leave anything to chance!\r\n\r\nBauMaster ensures that construction supervision is carried out efficiently and thoroughly, giving you <strong>decisive advantages<\/strong>:\r\n<ul>\r\n \t<li>With the construction monitoring software, you never lose sight of the big picture and can never forget tasks or deadlines. This ensures <strong>transparent, lean project management<\/strong> and keeps your mind free for more important matters.<\/li>\r\n \t<li>Centralised communication <strong>saves a lot of time, reduces misunderstandings and prevents errors.<\/strong> This results in fewer faults that would otherwise have to be rectified at great expense.<\/li>\r\n \t<li>The option of quick and easy documentation provides you with <strong>legally compliant documentation in no time at all.<\/strong> All conversations, sent reports, etc. are verifiably stored. In the event of a dispute, you have the upper hand.<\/li>\r\n<\/ul>","s6pn_zusatzinfo_einblenden":"ja","s6pn_zusatzinfo":"<strong>Legal certainty in practice:<\/strong>\r\n\r\nDuring an inspection, a supervisor finds a plumbing connection with incorrect wall distance and documents it. The plumber receives an email report but disputes the costs, citing the plan.\r\n\r\n<strong>Using the protocol's distribution list<\/strong>, the supervisor proves the installer received the plan change, preventing delays and avoiding cost disputes.","s6pn_content_info_extern":""},"s7pn_produkte_ubersicht":{"s7pn_produktubersicht_heading_h2_n":"Und des wir dann do a \u00dcberschrift, a h2 n\u00e4mlich.","27pn_produktubersicht_text":""},"s8pn_section_unten":{"s8pn_heading_h2_unten_n":"Try Construction Project Monitoring Software Today!","s8pn_text_unten":"BauMaster continues to evolve through<strong> practical experience<\/strong>, making construction monitoring more efficient and transparent. Its effectiveness shines through <strong>many small details<\/strong>.\r\n\r\nExperience it yourself by <strong>starting the free trial period<\/strong> of our construction monitoring software. We're here to provide expert guidance and reliable support.","s8pn_infotext_unten":"Take control of<strong><span class=\"notion-enable-hover\" data-token-index=\"1\"> your construction sites<\/span><\/strong> with BauMaster and maintain complete oversight of all your projects."}},"wpml_current_locale":"gb","wpml_translations":{"de":{"id":7489,"locale":"de","post_title":"Bau\u00fcberwachung","permalink":"https:\/\/bau-master.com\/bausoftware\/bauueberwachung\/","status":"publish"},"gb":{"id":32564,"locale":"gb","post_title":"Construction Monitoring","permalink":"https:\/\/bau-master.com\/gb\/features\/construction-monitoring-software\/","status":"publish"}},"wpml_trid":"7489","taxonomy_info":[],"featured_image_src_large":["https:\/\/bau-master.com\/hp\/wp-content\/uploads\/2025\/02\/construction-monitoring-software_header-1024x1024.png",1024,1024,true],"author_info":{"display_name":"Gudrun Mertl","author_link":"https:\/\/bau-master.com\/gb\/baublog\/author\/gmbau-master-com\/"},"comment_info":"","_links":{"self":[{"href":"https:\/\/bau-master.com\/gb\/wp-json\/wp\/v2\/pages\/32564","targetHints":{"allow":["GET"]}}],"collection":[{"href":"https:\/\/bau-master.com\/gb\/wp-json\/wp\/v2\/pages"}],"about":[{"href":"https:\/\/bau-master.com\/gb\/wp-json\/wp\/v2\/types\/page"}],"author":[{"embeddable":true,"href":"https:\/\/bau-master.com\/gb\/wp-json\/wp\/v2\/users\/3"}],"replies":[{"embeddable":true,"href":"https:\/\/bau-master.com\/gb\/wp-json\/wp\/v2\/comments?post=32564"}],"version-history":[{"count":2,"href":"https:\/\/bau-master.com\/gb\/wp-json\/wp\/v2\/pages\/32564\/revisions"}],"predecessor-version":[{"id":32828,"href":"https:\/\/bau-master.com\/gb\/wp-json\/wp\/v2\/pages\/32564\/revisions\/32828"}],"up":[{"embeddable":true,"href":"https:\/\/bau-master.com\/gb\/wp-json\/wp\/v2\/pages\/32234"}],"wp:featuredmedia":[{"embeddable":true,"href":"https:\/\/bau-master.com\/gb\/wp-json\/wp\/v2\/media\/31338"}],"wp:attachment":[{"href":"https:\/\/bau-master.com\/gb\/wp-json\/wp\/v2\/media?parent=32564"}],"wp:term":[{"taxonomy":"hf_cat_page","embeddable":true,"href":"https:\/\/bau-master.com\/gb\/wp-json\/wp\/v2\/hf_cat_page?post=32564"}],"curies":[{"name":"wp","href":"https:\/\/api.w.org\/{rel}","templated":true}]}}