{"id":32569,"date":"2020-08-03T07:40:46","date_gmt":"2020-08-03T05:40:46","guid":{"rendered":"https:\/\/webstage.bau-master.com\/hp\/features\/digital-construction-software\/"},"modified":"2026-01-19T12:48:44","modified_gmt":"2026-01-19T11:48:44","slug":"digital-construction-software","status":"publish","type":"page","link":"https:\/\/bau-master.com\/gb\/features\/digital-construction-software\/","title":{"rendered":"Digital Construction"},"content":{"rendered":"","protected":false},"excerpt":{"rendered":"","protected":false},"author":1,"featured_media":31333,"parent":32234,"menu_order":0,"comment_status":"closed","ping_status":"closed","template":"","meta":{"_acf_changed":false,"_seopress_robots_primary_cat":"","_seopress_titles_title":"Digital Construction Software & App: Stay Organised","_seopress_titles_desc":"Your digital construction software & app: \u2713 full overview of data and documents \u2713 reliable \u2713 accessible anywhere \u25ba Test BauMaster for free!","_seopress_robots_index":"","_kad_blocks_custom_css":"","_kad_blocks_head_custom_js":"","_kad_blocks_body_custom_js":"","_kad_blocks_footer_custom_js":"","footnotes":""},"hf_cat_page":[345],"class_list":["post-32569","page","type-page","status-publish","has-post-thumbnail","hentry"],"acf":{"global_faq_relationship_zuweisung":null,"g_schema_seo":"","s1pn_neu_header_produkte":{"s1pn_neu_header_title_h1_n":"Digital Construction Software: Your Documents, Perfectly Organised","s1pn_neu_header_text_top":"Those responsible for construction need all photos, plans and protocols quickly at hand in order to carry out a project successfully. Without a central file storage, <strong>a lot<\/strong> <strong>of time is lost<\/strong>. ","s1pn_neu_header_text_unten":"BauMaster is your digital construction software for perfectly organised documents, automatically stored in the project space. So you can find everything again! <strong>So finden Sie alles wieder!<\/strong>","s1pn_neu_header_app_image":""},"s2pn_1_2_3_section":{"s2pn_section_2_einblenden":"ja","s2pn_section_3_einblenden":"ja","s2pn_123_heading_h2_n":"Digital Construction Software: How File Management Works","s2pn_123_heading_subtext":"BauMaster is a <strong>cloud-based<\/strong> software-as-a-service (SaaS) solution. Various end devices, such as PCs, tablets or mobile phones, access a <strong>central storage location<\/strong> (cloud) where all data is stored. This enables a completely new experience in project planning and execution, as all project participants communicate and document <strong>with each other via one platform<\/strong>.  \n\nThe digital construction file in BauMaster is created automatically. You don't need to worry about the<strong> filing<\/strong>! Every defect inspection, construction meeting, to-do list and, of course, the important <a href=\"https:\/\/bau-master.com\/bausoftware\/bautagebuch-app\/\" target=\"_blank\" rel=\"noopener\">site diary<\/a> are automatically stored in BauMaster. This means that everything can be accessed centrally, and of course also via smartphone or tablet. No matter whether you are in the office, on the construction site or at home \u2013 you have your <strong>entire c<a href=\"https:\/\/bau-master.com\/baublog\/bauprojektmanagement\/\" target=\"_blank\" rel=\"noopener\">onstruction project management<\/a><\/strong> in your pocket.   \n\nThis also includes complete<strong> <a href=\"https:\/\/bau-master.com\/bausoftware\/fotodokumentation\/\" target=\"_blank\" rel=\"noopener\">photo documentation<\/a>, plan and contact management<\/strong>.","s2pn_1_heading_h3":"1. Automated Filing","s2pn_1_text_content":"Record<a href=\"https:\/\/bau-master.com\/bausoftware\/bauprotokolle\/\" target=\"_blank\" rel=\"noopener\"> site protocols<\/a>, digital construction plans and photos <strong>on the construction site<\/strong> and save them in the project room. The digital construction file automatically grows with them. \n<ul>\n \t<li>Practical documentation of defects and acceptance<\/li>\n \t<li>All plans, plan versions and other construction documents in the right place<\/li>\n<\/ul>","s2pn_1_bild":31379,"s2pn_1_info_text":"Your digital construction file is created automatically from the ongoing project documentation.","s2pn_2_heading_h3_Kopie":"2. Easy Sharing","s2pn_2_text_content_Kopie":"Whether it's a secretary in the office, colleagues or contractors: everyone involved in the project has access to the<strong> latest information.<\/strong>\n<ul>\n \t<li>Distribute faults recorded on the tablet via app.<\/li>\n \t<li>Send logs by email without media discontinuity or time delays.<\/li>\n<\/ul>","s2pn_2_bild_Kopie":31380,"s2pn_2_info_text_Kopie":"Everyone involved can quickly respond to their tasks. Deadlines are easier to meet. ","s2pn_3_heading_h3":"3. Access at any time","s2pn_3_text_content":"A digital construction software stores the <strong>entire construction history digitally in the project space<\/strong>. In particular, the documentation of the rectification of defects is a significant plus for the client.\n<ul>\n \t<li>Holiday replacements and sick leave are easier to bridge.<\/li>\n \t<li>Digital documentation is consistent and location-independent.<\/li>\n \t<li>Intelligent <a href=\"https:\/\/bau-master.com\/bausoftware\/suche-filter\/\">search and filter<\/a> for all documents.<\/li>\n \t<li>Space for any number of projects, protocols, <a href=\"https:\/\/bau-master.com\/bausoftware\/planverwaltung\/\">drawings<\/a> and photos.<\/li>\n<\/ul>","s2pn_3_bild":31381,"s2pn_3_info_text":"For warranty claims, all logs, photos and comments can be quickly retrieved through a simple search."},"s3pn_cta_group":{"s3pn_cta_bild":"","s3pn_cta_titel_h2_n":"Get a Complete Overview with Digital Construction Files","s3pn_cta_3_punkt":"Ab sofort jede Information von \u00fcberall verf\u00fcgbar"},"spsn_produkt_stake":{"spsn_stake_heading_h2":"Losing information is not an option. Take action now. ","spsn_stake_liste":[{"spsn_stake_links":"Endless searching for photos and notes","spsn_stake_rechts":"All information immediately at hand"},{"spsn_stake_links":"All work performed securely documented","spsn_stake_rechts":"Avoid disputes in advance"},{"spsn_stake_links":"Avoid time loss due to paperwork","spsn_stake_rechts":"More time for new orders"}]},"s4pn_warum_section":{"s4pn_blau_infobox_einblenden":"ja","s4pn_section_01_einblenden":"ja","s4pn_section_02_einblenden":"ja","s4pn_section_03_einblenden":"ja","s4pn_intro_heading_h2_n":"Why Are Digital Construction Files Essential?","s4pn_intro_text":"During the planning, execution and acceptance of a construction project, countless documents and photos <strong>are collected.<\/strong> Clean documentation and storage are important for\n<ul>\n \t<li>correct billing of the construction work<\/li>\n \t<li>consequential damage and the resulting liability issues and warranty claims<\/li>\n \t<li>the later use of the building<\/li>\n \t<li>the <strong>tracing of decisions:<\/strong> Who decided what?<\/li>\n<\/ul>\n\u00a0","s4pn_bild_subinfo":30545,"s4pn_subinfo_text":"Construction project managers have to<strong> react and control quickly.<\/strong> Unlimited access to all important data directly on the construction site and quick forwarding are part of their daily work. It is <strong>nerve-wracking<\/strong> when information is not available or takes forever to search for. ","s4pn_1_section_heading_h3":"Digital Construction File: Definition","s4pn_1_section_info_text":"The digital construction file is a place where all data and documents, construction plans, photos, etc. of a construction project are <strong>structured and stored.<\/strong> In contrast to the usual <strong>analogue construction file,<\/strong> all relevant information of the construction project is stored in the <strong>cloud memory of the digital construction software. <\/strong>This means that they are permanently accessible from any device (PC, laptop, mobile phone or tablet) from any location.  ","s4pn_1_info_einblenden":"ja","s4pn_1_info_text":"With BauMaster, you have<strong> enough storage space for each of your construction projects! <\/strong>This means: you can manage documents and photos without worry. No more basement rooms full of files and folders. ","s4pn_2_section_heading_h3":"bmhideme","s4pn_2_section_info_text":"Die Formulierung \"<a href=\"https:\/\/bau-master.com\/baublog\/digitale-baustelle\/\">Digitale Baustelle 4.0<\/a>\" ist angelehnt an \u201cIndustrie 4.0\u201d, womit die vierte industrielle Revolution gemeint ist. Auf die Bauwirtschaft \u00fcbertragen, meint man damit die<strong> Einf\u00fchrung von digitalen Hilfsmitteln<\/strong>, wie Bau-Apps und vernetzte Bauabl\u00e4ufe. Denn auf Baustellen gibt es viele Abl\u00e4ufe, die eine digitale <a href=\"https:\/\/bau-master.com\/baublog\/baustellen-apps\/\">Baustellen-App<\/a> erleichtert!  ","s4pn_2_info_einblenden":"nein","s4pn_2_info_text":"","s4pn_3_section_heading_h3":"Comprehensive Record of the Construction Process","s4pn_3_section_info_text":"From the planning, tendering and awarding of contracts to the execution, everything should be a <strong>digital process. <\/strong>This way, the decision-making can be traced afterwards. If facts and decisions are centrally documented and communicated in BauMaster, a <strong>complete history<\/strong> is created in the digital construction file.  ","s4pn_3_info_einblenden":"ja","s4pn_3_info_text":"Media discontinuities and <strong>different communication channels<\/strong> are the biggest problem on construction sites. With BauMaster, all project participants work together as a team, united via a central platform! "},"s6pn_content_info_section":{"s6pn_content_einblenden":"ja","s6pn_content_info":"<h2>Benefits of Digital Construction Software<\/h2>\nIf you use a construction software to organise your construction sites, documentation is significantly simplified. This makes a <a href=\"https:\/\/bau-master.com\/baublog\/bausoftware\/\">site manager's<\/a> work much easier. When a project runs <strong>smoothly and according to plan<\/strong>, everyone involved is happier and <strong>enjoys working together<\/strong>.  \n\nMore time, less stress and savings in personnel resources are the biggest advantages. <a href=\"https:\/\/bau-master.com\/fuer-wen\/bauleiter\/\">Site managers<\/a> and <a href=\"https:\/\/bau-master.com\/fuer-wen\/architekten\/\">general contractors<\/a> can use BauMaster to<strong> take action and plan the next steps<\/strong>, instead of always just reacting.\n\n\u00a0\n<h3>Essential Features of a Digital Construction File App<\/h3>\nAbove all, a digital construction file should have an intelligent search function for quick access to all relevant data. Additionally, it should meet the following requirements: \n<ul>\n \t<li><strong>Automatic storage<\/strong> of all documentation<\/li>\n \t<li>Access from any location, with both online and offline capabilities<\/li>\n \t<li><strong>Sufficient storage space<\/strong> for all large files, particularly photos<\/li>\n \t<li>Organized storage of all <a href=\"https:\/\/bau-master.com\/bausoftware\/bauprotokolle\/\">site protocols<\/a> and reports for easy oversight<\/li>\n \t<li>User access management for team members and project participants<\/li>\n \t<li><strong>Archiving function<\/strong> to store data in your local file system<\/li>\n \t<li><strong>Secure storage location<\/strong> with certified server facilities<\/li>\n \t<li>Unlimited storage duration for completed projects<\/li>\n<\/ul>\nAll these requirements for a digital construction file are met by the field-proven <a href=\"https:\/\/bau-master.com\/baublog\/bausoftware\/\">BauMaster digital construction software.<\/a>\n<h3>Challenges of Digital Documentation<\/h3>\nLet's take a look at the stumbling blocks of digitisation so that a sensible long-term decision can be made.\n<ul>\n \t<li><strong>Acquisition costs:<\/strong> A software usually incurs higher costs than the normal resources available in the company (such as Word\/Excel, paper notes). But what about the costs of endless searching for documents, misunderstandings and disputes?  <strong>Time is the most valuable resource.<\/strong><\/li>\n \t<li>Hardware requirements: Suitable smartphones or tablets are becoming<strong> increasingly cheaper<\/strong> and are developing into the <strong>standard for construction project management.<\/strong><\/li>\n \t<li><strong>Security of the storage location: <\/strong>The server location should be within the EU and the company should be equipped with visible security certificates (like BauMaster).<\/li>\n<\/ul>","s6pn_zusatzinfo_einblenden":"ja","s6pn_zusatzinfo":"Keep in mind that verifiable document storage is crucial in the construction industry. The <strong>legal requirement for documentation <\/strong>exists for good reason. ","s6pn_content_info_extern":""},"s7pn_produkte_ubersicht":{"s7pn_produktubersicht_heading_h2_n":"BauMaster ist die Standard App f\u00fcr die Baustelle 4.0","27pn_produktubersicht_text":"Die <a href=\"https:\/\/bau-master.com\/baublog\/digitalisierung-baubranche\/\">Digitalisierung in der Baubranche<\/a> kommt immer mehr im deutschsprachigen Raum an. Entsprechend viele Anbieter f\u00fcr digitale Baustellendokumentation gibt es mittlerweile am Markt. Damit Sie in der t\u00e4glichen Anwendung nicht entt\u00e4uscht werden, sollten Sie auf<strong> Expertise und Erfahrung aus der Baubranche <\/strong>setzen.  \n\nIn vielen Details bei der Anwendung zeigt sich, wie <strong>durchdacht<\/strong> BauMaster als umfassendes Tool f\u00fcr das Projektmanagement entwickelt wurde. Entdecken Sie die <strong>Einsatzbereiche <\/strong>der professionellen BauMaster Software & App f\u00fcr Ihr effizientes <a href=\"https:\/\/bau-master.com\/\">Baumanagement<\/a>. "},"s8pn_section_unten":{"s8pn_heading_h2_unten_n":"Simple Digital Construction File Software","s8pn_text_unten":"The entire BauMaster team is on hand to provide you with helpful and expert support when you introduce the digital construction file.<strong> As a tried and tested digital construction software,<\/strong> BauMaster makes your day-to-day work a great deal easier.","s8pn_infotext_unten":"Introducing a new software is no small matter and should be carefully considered. We will be happy to answer all your questions <strong>individually<\/strong> in a personal meeting. <strong>Arrange an online appointment <a href=\"https:\/\/bau-master.com\/online-demo-vereinbaren\/\" target=\"_blank\" rel=\"noopener\">here<\/a><\/strong>! "}},"wpml_current_locale":"gb","wpml_translations":{"de":{"id":1800,"locale":"de","post_title":"Digitale Bauakte","permalink":"https:\/\/bau-master.com\/bausoftware\/digitale-bauakte\/","status":"publish"},"gb":{"id":32569,"locale":"gb","post_title":"Digital Construction","permalink":"https:\/\/bau-master.com\/gb\/features\/digital-construction-software\/","status":"publish"}},"wpml_trid":"1800","taxonomy_info":[],"featured_image_src_large":["https:\/\/bau-master.com\/hp\/wp-content\/uploads\/2025\/02\/digital-construction-software_header-1-1-1024x1024.png",1024,1024,true],"author_info":{"display_name":"admin","author_link":"https:\/\/bau-master.com\/gb\/baublog\/author\/bmwp\/"},"comment_info":"","_links":{"self":[{"href":"https:\/\/bau-master.com\/gb\/wp-json\/wp\/v2\/pages\/32569","targetHints":{"allow":["GET"]}}],"collection":[{"href":"https:\/\/bau-master.com\/gb\/wp-json\/wp\/v2\/pages"}],"about":[{"href":"https:\/\/bau-master.com\/gb\/wp-json\/wp\/v2\/types\/page"}],"author":[{"embeddable":true,"href":"https:\/\/bau-master.com\/gb\/wp-json\/wp\/v2\/users\/1"}],"replies":[{"embeddable":true,"href":"https:\/\/bau-master.com\/gb\/wp-json\/wp\/v2\/comments?post=32569"}],"version-history":[{"count":1,"href":"https:\/\/bau-master.com\/gb\/wp-json\/wp\/v2\/pages\/32569\/revisions"}],"predecessor-version":[{"id":32833,"href":"https:\/\/bau-master.com\/gb\/wp-json\/wp\/v2\/pages\/32569\/revisions\/32833"}],"up":[{"embeddable":true,"href":"https:\/\/bau-master.com\/gb\/wp-json\/wp\/v2\/pages\/32234"}],"wp:featuredmedia":[{"embeddable":true,"href":"https:\/\/bau-master.com\/gb\/wp-json\/wp\/v2\/media\/31333"}],"wp:attachment":[{"href":"https:\/\/bau-master.com\/gb\/wp-json\/wp\/v2\/media?parent=32569"}],"wp:term":[{"taxonomy":"hf_cat_page","embeddable":true,"href":"https:\/\/bau-master.com\/gb\/wp-json\/wp\/v2\/hf_cat_page?post=32569"}],"curies":[{"name":"wp","href":"https:\/\/api.w.org\/{rel}","templated":true}]}}