{"id":32571,"date":"2020-08-06T23:21:25","date_gmt":"2020-08-06T21:21:25","guid":{"rendered":"https:\/\/webstage.bau-master.com\/hp\/features\/construction-documentation-software\/"},"modified":"2026-01-08T21:40:11","modified_gmt":"2026-01-08T20:40:11","slug":"construction-documentation-software","status":"publish","type":"page","link":"https:\/\/bau-master.com\/gb\/features\/construction-documentation-software\/","title":{"rendered":"Construction Documentation Software: Quick, Easy &amp; Reliable"},"content":{"rendered":"","protected":false},"excerpt":{"rendered":"","protected":false},"author":1,"featured_media":31332,"parent":32234,"menu_order":0,"comment_status":"closed","ping_status":"closed","template":"","meta":{"_acf_changed":false,"_seopress_robots_primary_cat":"","_seopress_titles_title":"Construction Documentation Software: Quick, Easy & Reliable","_seopress_titles_desc":"Document your projects effortlessly with construction documentation software: \u2713 quick \u2713 seamless \u2713 evidential \u25ba Try BauMaster for free!","_seopress_robots_index":"","_kad_blocks_custom_css":"","_kad_blocks_head_custom_js":"","_kad_blocks_body_custom_js":"","_kad_blocks_footer_custom_js":"","footnotes":""},"hf_cat_page":[345],"class_list":["post-32571","page","type-page","status-publish","has-post-thumbnail","hentry"],"acf":{"g_schema_seo":"","s1pn_neu_header_produkte":{"s1pn_neu_header_title_h1_n":"Construction Documentation Software & App: Quick, Simple & Reliable.  ","s1pn_neu_header_text_top":"<span class=\"notion-enable-hover\" data-token-index=\"0\">Tired of paper notes, endless photos, and spending hours organizing construction logs in the evening? BauMaster eliminates extra work. <\/span><!-- notionvc: 95f5fd69-4c08-4248-83b4-75349be97c27 -->","s1pn_neu_header_text_unten":"<strong><span class=\"notion-enable-hover\" data-token-index=\"0\">Document your construction projects quickly and reliably with our smart construction\u00a0 documentation software.<\/span><\/strong><!-- notionvc: deab788f-4d47-4b2c-af54-6d2dbb3da45e -->","s1pn_neu_header_app_image":""},"s2pn_1_2_3_section":{"s2pn_section_2_einblenden":"ja","s2pn_section_3_einblenden":"ja","s2pn_123_heading_h2_n":"Why Use a Construction Documentation App?","s2pn_123_heading_subtext":"Construction documentation aims to seamlessly record events on the construction site. With the help of a construction documentation app, you can achieve this goal <strong>significantly faster and easier<\/strong>. Instead of folders, notes, pens, cameras, dictation machines and so on, you only need a minimal setup.\r\n\r\n<strong>A construction site tablet or smartphone is all you need<\/strong> to <a href=\"https:\/\/bau-master.com\/gb\/features\/construction-photo-documentation-software\/\">document on-site<\/a>. This way, you won't forget any details and save yourself the hassle of post-process on the PC.\r\n\r\n<strong>Construction documentation via software &amp; app is very straightforward:<\/strong>","s2pn_1_heading_h3":"1. Capture Quickly Every Task","s2pn_1_text_content":"In the office, on the road or on the construction site: your construction documentation software is wherever you are. New entries are quickly created using templates, e.g.:\r\n<ul>\r\n \t<li>To-do lists, snagging lists and tasks<\/li>\r\n \t<li><a href=\"https:\/\/bau-master.com\/gb\/features\/construction-daily-log-software\/\">Site protocols<\/a> and daily logs: e.g. non conformance report, minutes of meeting or handover records<\/li>\r\n \t<li><span class=\"notion-enable-hover\" data-token-index=\"0\">Additional files such as photos and plans, including sketches and plan- and BIM- markers<\/span><!-- notionvc: e612d5f9-1037-4601-ace6-98429c702d2c --><\/li>\r\n<\/ul>","s2pn_1_bild":31370,"s2pn_1_info_text":"Useful templates bring order and uniformity to the construction file!","s2pn_2_heading_h3_Kopie":"2. Share Information Seamlessly","s2pn_2_text_content_Kopie":"Entries and changes are immediately <strong>saved on a central platform<\/strong> that can be accessed by everyone. This way, everyone <strong>knows what needs to be done next<\/strong>. And the construction documentation app can do even more:\r\n<ul>\r\n \t<li>With just a few clicks, reports can be sent as a PDF report by email.<\/li>\r\n \t<li>Assigned tasks and protocol entries are directly assigned to the trades.<\/li>\r\n \t<li>Each task can be given a deadline, details, comments, levels and units etc.<\/li>\r\n<\/ul>","s2pn_2_bild_Kopie":31371,"s2pn_2_info_text_Kopie":"Digital site documentation with software and app improves communication on the construction site!","s2pn_3_heading_h3":"3. Access the Construction Documentation Anytime","s2pn_3_text_content":"Information remains <strong>securely stored in the construction documentation software long term<\/strong>. If a fault occurs after the project has been completed, the relevant documents are immediately to hand.\r\n<ul>\r\n \t<li>Online or offline: information is always available.<\/li>\r\n \t<li>Each project is stored in a separate, clearly arranged folder structure.<\/li>\r\n \t<li>Even years later, the construction documentation is still easily accessible.<\/li>\r\n<\/ul>","s2pn_3_bild":31372,"s2pn_3_info_text":"Securely stored documents enable a carefree completion of construction!"},"s3pn_cta_group":{"s3pn_cta_bild":"","s3pn_cta_titel_h2_n":"Set Up Your Professional Construction Monitoring Software in 3 Simple Steps","s3pn_cta_3_punkt":"Ab sofort digitales Bautagebuch automatisch erstellen"},"spsn_produkt_stake":{"spsn_stake_heading_h2":"Inadequate Construction Documentation Is Not An Option. Action is Essential. ","spsn_stake_liste":[{"spsn_stake_links":"Increasingly complex objectives and construction projects","spsn_stake_rechts":"Well-equipped with digital documentation"},{"spsn_stake_links":"Warranty claims are on the rise","spsn_stake_rechts":"Flawless proof of your execution"},{"spsn_stake_links":"Clients and partners demand documentation","spsn_stake_rechts":"Digital documents ensure competitiveness"}]},"s4pn_warum_section":{"s4pn_blau_infobox_einblenden":"nein","s4pn_section_01_einblenden":"ja","s4pn_section_02_einblenden":"ja","s4pn_section_03_einblenden":"ja","s4pn_intro_heading_h2_n":"Practical Uses of Construction Site Protocols","s4pn_intro_text":"On a construction site, things change from day to day: Work is started or completed, new details are agreed to in meetings and unforeseen things happen that affect the construction process. All of this <strong>must be fully documented<\/strong>.\r\n\r\nBut there is usually little time for construction site documentation. This is why a <a href=\"https:\/\/bau-master.com\/gb\/features\/digital-construction-software\/\">digital solution<\/a> is needed: for<strong> less wasted time, no unnecessary effort and full evidential<\/strong> value!","s4pn_bild_subinfo":30442,"s4pn_subinfo_text":"Die l\u00fcckenlose Aufzeichnung der Bauleistungen und Vorkommnisse ist von gro\u00dfer Relevanz. In Streitf\u00e4llen wie z.B. bei Baum\u00e4ngeln oder bei Gew\u00e4hrleistungsf\u00e4llen wird das Bautagebuch als Beweismittel herangezogen. Fehlt es oder ist es unvollst\u00e4ndig, wird es fast unm\u00f6glich die Geschehnisse nachzuvollziehen.","s4pn_1_section_heading_h3":"Time Savings","s4pn_1_section_info_text":"A construction documentation app helps you make the most of your already limited time by reducing the administrative effort to a minimum. It shortens the documentation process by <strong>several hours per week<\/strong>. And saving time also saves money.","s4pn_1_info_einblenden":"ja","s4pn_1_info_text":"Those <strong>who don't digitise waste valuable working hours<\/strong> and can't keep up with the competition in the long run.","s4pn_2_section_heading_h3":"No duplicate work","s4pn_2_section_info_text":"Did you previously have to do every step twice? This is no longer necessary with a construction documentation software. <strong>You enter everything into your smartphone immediately<\/strong> \u2013 manual preparatory work and tedious rework on the PC are a thing of the past.","s4pn_2_info_einblenden":"ja","s4pn_2_info_text":"<strong>Save important files at the same time:<\/strong> e.g. plans or images for the success-critical construction <a href=\"https:\/\/bau-master.com\/gb\/features\/construction-photo-documentation-software\/\">photo documentation<\/a>!","s4pn_3_section_heading_h3":"Preservation of evidence","s4pn_3_section_info_text":"Numerous trades work hand in hand on the construction site. If a fault occurs during the warranty period, it is often difficult to find the cause and those responsible. If you use an app for documentation, you can <strong>prove your flawless work and the omissions of other parties<\/strong>.","s4pn_3_info_einblenden":"ja","s4pn_3_info_text":"Comprehensive digital construction documentation protects you from warranty claims and may even <strong>be able to prevent an expensive legal dispute<\/strong>."},"s6pn_content_info_section":{"s6pn_content_einblenden":"ja","s6pn_content_info":"<h2>Key Advantages of the BauMaster App For Construction Documentation<\/h2>\r\nYou have to know the practical field to be able to improve it. BauMaster is based on decades of practical experience and was <strong>custom-tailored to the daily challenges on the construction site<\/strong>. The result is a professional construction documentation software with exactly the <a href=\"https:\/\/bau-master.com\/gb\/feature-overview\/\">features<\/a> that building contractors need:\r\n<h3>Perfectly organised documents<\/h3>\r\nBauMaster offers a <strong>meaningfully structured <a href=\"https:\/\/bau-master.com\/gb\/features\/digital-construction-software\/\">digital construction<\/a> file for each of your projects<\/strong>. Documents, plans and photos can be collected centrally and accessed from anywhere. This way, you can organise your documents and eliminate the hassle of carrying heavy folders.\r\n\r\nIf you are looking for a specific piece of information, you can find it immediately thanks to our <strong>intelligent <a href=\"https:\/\/bau-master.com\/gb\/features\/search-and-filter\/\">search and filter<\/a> feature<\/strong>.\r\n<h3>Networked construction<\/h3>\r\nA construction project stands or falls on good organisation and communication. Errors often occur because those involved have not been informed about changes, or have received information too late. With BauMaster as your construction documentation software, <strong>everyone uses the same platform <\/strong>\u2013 and thus always has access to the latest documents.\r\n<h3>Intuitive operation<\/h3>\r\nOur app for construction documentation is <strong>designed to be user-friendly<\/strong>, so even less tech-savvy employees can use it with ease. BauMaster can also be customised to your needs. Audio recordings, dictation and handwriting recognition, for example, simplify data entry for those who don't like typing.\r\n<h3>Offline function<\/h3>\r\nNo internet connection when you're on the go? No problem! <strong>Thanks to the offline function, you can still access your files<\/strong>, no matter where you are. Changes are stored locally and synchronised automatically as soon as you have internet access again.\r\n<h3>Plenty of space for your documents and photos<\/h3>\r\nBauMaster is <strong>your digital construction mastermind<\/strong> that collects all project data in the cloud. There is plenty of space for numerous projects, including documents and photos. The data is stored on an Austrian server with the highest security standards \u2013 absolutely nothing can get lost.","s6pn_zusatzinfo_einblenden":"ja","s6pn_zusatzinfo":"With BauMaster as construction site documentation software, <strong>your company is ready for digital construction<\/strong>!","s6pn_content_info_extern":""},"s7pn_produkte_ubersicht":{"s7pn_produktubersicht_heading_h2_n":"Und des wir dann do a \u00dcberschrift, a h2 n\u00e4mlich.","27pn_produktubersicht_text":"H\u00e4ndische Baudoku war gestern: Chaotische Zettelwirtschaft, unn\u00f6tiges Nacharbeiten und das st\u00e4ndige Suchen nach wichtigen Informationen sind mit der Bau-Doku-App von BauMaster endlich vorbei.\r\n\r\nDoch Dokumentation ist nur eine der St\u00e4rken unserer Software: Von Projektmanagement \u00fcber <a href=\"https:\/\/bau-master.com\/gb\/features\/construction-monitoring-software\">Bau\u00fcberwachung<\/a> bis hin zu intelligentem <a href=\"https:\/\/bau-master.com\/gb\/features\/construction-defect-management-software\">M\u00e4ngelmanagement<\/a> \u2013 erfahren Sie hier mehr \u00fcber die <strong>zahlreichen Einsatzbereiche von BauMaster<\/strong>:"},"s8pn_section_unten":{"s8pn_heading_h2_unten_n":"Would Construction Documentation Software Benefit My Company?","s8pn_text_unten":"Do you want to see for yourself how well digital documentation works? Then <strong>try our construction documentation software now for 30 days free of charge<\/strong>. This makes it easy to decide whether BauMaster is right for you.\r\n\r\nIf you have any questions about documentation with BauMaster or would like to learn more about digitalisation in construction, we are happy to assist you <strong>with professional advice and expertise<\/strong>.","s8pn_infotext_unten":"The BauMaster app for construction documentation has been developed over decades of construction practice. That is why it delivers what it promises in practice."}},"wpml_current_locale":"gb","wpml_translations":{"de":{"id":2255,"locale":"de","post_title":"Baudokumentation","permalink":"https:\/\/bau-master.com\/bausoftware\/baudokumentation\/","status":"publish"},"gb":{"id":32571,"locale":"gb","post_title":"Construction Documentation Software: Quick, Easy &amp; Reliable","permalink":"https:\/\/bau-master.com\/gb\/features\/construction-documentation-software\/","status":"publish"}},"wpml_trid":"2255","taxonomy_info":[],"featured_image_src_large":["https:\/\/bau-master.com\/hp\/wp-content\/uploads\/2025\/02\/construction-documentation-software_header-2-1024x1024.png",1024,1024,true],"author_info":{"display_name":"admin","author_link":"https:\/\/bau-master.com\/gb\/baublog\/author\/bmwp\/"},"comment_info":"","_links":{"self":[{"href":"https:\/\/bau-master.com\/gb\/wp-json\/wp\/v2\/pages\/32571","targetHints":{"allow":["GET"]}}],"collection":[{"href":"https:\/\/bau-master.com\/gb\/wp-json\/wp\/v2\/pages"}],"about":[{"href":"https:\/\/bau-master.com\/gb\/wp-json\/wp\/v2\/types\/page"}],"author":[{"embeddable":true,"href":"https:\/\/bau-master.com\/gb\/wp-json\/wp\/v2\/users\/1"}],"replies":[{"embeddable":true,"href":"https:\/\/bau-master.com\/gb\/wp-json\/wp\/v2\/comments?post=32571"}],"version-history":[{"count":2,"href":"https:\/\/bau-master.com\/gb\/wp-json\/wp\/v2\/pages\/32571\/revisions"}],"predecessor-version":[{"id":33414,"href":"https:\/\/bau-master.com\/gb\/wp-json\/wp\/v2\/pages\/32571\/revisions\/33414"}],"up":[{"embeddable":true,"href":"https:\/\/bau-master.com\/gb\/wp-json\/wp\/v2\/pages\/32234"}],"wp:featuredmedia":[{"embeddable":true,"href":"https:\/\/bau-master.com\/gb\/wp-json\/wp\/v2\/media\/31332"}],"wp:attachment":[{"href":"https:\/\/bau-master.com\/gb\/wp-json\/wp\/v2\/media?parent=32571"}],"wp:term":[{"taxonomy":"hf_cat_page","embeddable":true,"href":"https:\/\/bau-master.com\/gb\/wp-json\/wp\/v2\/hf_cat_page?post=32571"}],"curies":[{"name":"wp","href":"https:\/\/api.w.org\/{rel}","templated":true}]}}